{"id":1456,"date":"2023-07-19T08:43:06","date_gmt":"2023-07-19T08:43:06","guid":{"rendered":"https:\/\/arreche.es\/home\/"},"modified":"2024-04-19T11:36:11","modified_gmt":"2024-04-19T11:36:11","slug":"home","status":"publish","type":"page","link":"https:\/\/arreche.es\/fr\/","title":{"rendered":"Home"},"content":{"rendered":"<div class=\"wpb-content-wrapper\"><section data-vc-full-width=\"true\" data-vc-full-width-init=\"false\" data-vc-stretch-content=\"true\" class=\"vc_row wpb_row vc_row-fluid  vc_custom_1699525517977 vc_row-has-fill pofo-stretch-content vc_row-o-full-height vc_row-o-columns-bottom vc_row-flex pofo-video-wrapper\"><div class=\"bg-extra-dark-gray bg-overlay\" style=\"opacity:0.2; background-color:#0a0a0a; \"><\/div><div class=\"wpb_column vc_column_container vc_col-sm-12  col-xs-mobile-fullwidth pofo-column-responsive-69e39a4b547ef\"><div class=\"vc_column-inner vc_custom_1711012106874\"><div class=\"wpb_wrapper\"><div class=\"last-paragraph-no-margin\" style=\"color: #ffffff;\"><h1>Service, qualit\u00e9 et durabilit\u00e9<\/h1>\n<\/div><\/div><\/div><\/div><\/section><div class=\"vc_row-full-width vc_clearfix\"><\/div><section data-vc-full-width=\"true\" data-vc-full-width-init=\"false\" data-vc-stretch-content=\"true\" class=\"vc_row wpb_row vc_row-fluid  vc_custom_1699519221298 pofo-stretch-content vc_row-no-padding vc_row-o-equal-height vc_row-flex\"><div class=\"wpb_column vc_column_container vc_col-has-fill vc_col-sm-9 vc_col-lg-6 vc_col-md-6 col-xs-mobile-fullwidth pofo-column-responsive-69e39a4b54904\"><div class=\"vc_column-inner vc_custom_1698739297145\"><div class=\"wpb_wrapper\"><div class=\"last-paragraph-no-margin\"><p><strong>Qu&rsquo;est-ce que nous faisons?<\/strong><\/p>\n<p>ARRECHE est une entreprise familiale (actuellement en 3\u00e8me g\u00e9n\u00e9ration), fond\u00e9e il y a plus de 75 ans, d\u00e9di\u00e9e \u00e0 la fabrication et \u00e0 la vente de pi\u00e8ces usin\u00e9es de haute pr\u00e9cision par d\u00e9colletage et dans diff\u00e9rents mat\u00e9riaux tels que l&rsquo;aluminium, l&rsquo;acier, l&rsquo;inox, le laiton. ..<\/p>\n<p><a class=\"botoia\" href=\"https:\/\/arreche.es\/fr\/sobre-nosotros\/\">Lire plus<\/a><\/p>\n<\/div><\/div><\/div><\/div><div class=\"wpb_column vc_column_container vc_col-sm-6 vc_hidden-xs col-xs-mobile-fullwidth\"><div class=\"vc_column-inner \"><div class=\"wpb_wrapper\"><\/div><\/div><\/div><div class=\"wpb_column vc_column_container vc_col-sm-1\/5 vc_hidden-xs col-xs-mobile-fullwidth\"><div class=\"vc_column-inner \"><div class=\"wpb_wrapper\"><\/div><\/div><\/div><div class=\"wpb_column vc_column_container vc_col-sm-3\/5  col-xs-mobile-fullwidth pofo-column-responsive-69e39a4b549f1\"><div class=\"vc_column-inner vc_custom_1711013027778\"><div class=\"wpb_wrapper\">[vc_single_image image=\u00a0\u00bb351&Prime; img_size=\u00a0\u00bbfull\u00a0\u00bb]<\/div><\/div><\/div><\/section><div class=\"vc_row-full-width vc_clearfix\"><\/div><section data-vc-full-width=\"true\" data-vc-full-width-init=\"false\" data-vc-stretch-content=\"true\" class=\"vc_row wpb_row vc_row-fluid  vc_custom_1699522399853 pofo-stretch-content vc_row-o-equal-height vc_row-o-content-middle vc_row-flex pofo-row-responsive-69e39a4b54a4f\"><div class=\"wpb_column vc_column_container vc_col-has-fill vc_col-sm-6  col-xs-mobile-fullwidth pofo-column-responsive-69e39a4b54aa3\"><div class=\"vc_column-inner vc_custom_1699522155156\"><div class=\"wpb_wrapper\"><div class=\"last-paragraph-no-margin\" style=\"color: #ffffff;\"><h3>NOS<br \/>\nVALEURS<\/h3>\n<\/div><div class=\"last-paragraph-no-margin\" style=\"color: #ffffff;\"><p style=\"color: white;\">Chez Arreche, notre priorit\u00e9 est l&rsquo;humain, nous sommes ax\u00e9s sur le client, nous recherchons l&rsquo;efficacit\u00e9 et nous voulons soutenir l&rsquo;environnement dans lequel nous vivons.<\/p>\n<\/div><\/div><\/div><\/div><div class=\"wpb_column vc_column_container vc_col-has-fill vc_col-sm-6 vc_col-lg-3 vc_col-md-3 col-xs-mobile-fullwidth pofo-column-responsive-69e39a4b54b5e\"><div class=\"vc_column-inner vc_custom_1699522286523\"><div class=\"wpb_wrapper\"><\/div><\/div><\/div><div class=\"wpb_column vc_column_container vc_col-sm-3 vc_hidden-sm vc_hidden-xs col-xs-mobile-fullwidth\"><div class=\"vc_column-inner \"><div class=\"wpb_wrapper\"><\/div><\/div><\/div><\/section><div class=\"vc_row-full-width vc_clearfix\"><\/div><section class=\"vc_row wpb_row vc_row-fluid   pofo-row-responsive-69e39a4b54bd7\"><div class=\"wpb_column vc_column_container vc_col-sm-6  col-xs-mobile-fullwidth\"><div class=\"vc_column-inner \"><div class=\"wpb_wrapper\"><div class=\"last-paragraph-no-margin\" style=\"color: #5c72b2;\"><h3>SECTEURS ET<br \/>\nMARCH\u00c9S<\/h3>\n<\/div><\/div><\/div><\/div><div class=\"wpb_column vc_column_container vc_col-sm-6  col-xs-mobile-fullwidth\"><div class=\"vc_column-inner \"><div class=\"wpb_wrapper\"><div class=\"last-paragraph-no-margin\" style=\"color: #5c72b2;\"><p><span style=\"font-weight: 400;\">Nous fournissons des pi\u00e8ces pour diverses industries, r\u00e9pondant aux sp\u00e9cifications de qualit\u00e9 les plus exigeantes.<\/span><\/p>\n<p>&nbsp;<\/p>\n<p><a class=\"botoia\" href=\"https:\/\/arreche.es\/fr\/secteurs\/\">Voir les secteurs<\/a><\/p>\n<\/div><\/div><\/div><\/div><\/section><section data-vc-full-width=\"true\" data-vc-full-width-init=\"false\" data-vc-stretch-content=\"true\" class=\"vc_row wpb_row vc_row-fluid  vc_custom_1698739623552 pofo-stretch-content vc_row-no-padding vc_row-o-equal-height vc_row-o-content-middle vc_row-flex pofo-row-responsive-69e39a4b54d1b\"><div class=\"wpb_column vc_column_container vc_col-has-fill vc_col-sm-4 vc_col-lg-1\/5 vc_col-md-1\/5 vc_col-xs-6 pofo-column-responsive-69e39a4b54d7e\"><div class=\"vc_column-inner vc_custom_1698739084999\"><div class=\"wpb_wrapper\"><div class=\"bg-extra-dark-gray bg-overlay\" style=\"opacity:0.4; background-color:#0a0a0a; z-index:-1; \"><\/div><div class=\"last-paragraph-no-margin\" style=\"color: #ffffff;\"><h4 style=\"text-align: center;\"><a class=\"text-white\" href=\"https:\/\/arreche.es\/fr\/secteurs\/#automocion\">Automobilisme<\/a><\/h4>\n<\/div><\/div><\/div><\/div><div class=\"wpb_column vc_column_container vc_col-has-fill vc_col-sm-4 vc_col-lg-1\/5 vc_col-md-1\/5 vc_col-xs-6\"><div class=\"vc_column-inner vc_custom_1698739113088\"><div class=\"wpb_wrapper\"><div class=\"bg-extra-dark-gray bg-overlay\" style=\"opacity:0.4; background-color:#0a0a0a; z-index:-1; \"><\/div><div class=\"last-paragraph-no-margin\" style=\"color: #ffffff;\"><h4 style=\"text-align: center;\"><a class=\"text-white\" href=\"https:\/\/arreche.es\/fr\/secteurs\/#conectores\">Connecteurs<\/a><\/h4>\n<\/div><\/div><\/div><\/div><div class=\"wpb_column vc_column_container vc_col-has-fill vc_col-sm-4 vc_col-lg-1\/5 vc_col-md-1\/5 vc_col-xs-6 pofo-column-responsive-69e39a4b54e80\"><div class=\"vc_column-inner vc_custom_1699519412644\"><div class=\"wpb_wrapper\"><div class=\"bg-extra-dark-gray bg-overlay\" style=\"opacity:0.4; background-color:#0a0a0a; z-index:-1; \"><\/div><div class=\"last-paragraph-no-margin\" style=\"color: #ffffff;\"><h4 style=\"text-align: center;\"><a class=\"text-white\" href=\"https:\/\/arreche.es\/fr\/secteurs\/#lineablanca\">\u00c9lectrom\u00e9nager<\/a><\/h4>\n<\/div><\/div><\/div><\/div><div class=\"wpb_column vc_column_container vc_col-has-fill vc_col-sm-6 vc_col-lg-1\/5 vc_col-md-1\/5 vc_col-xs-6\"><div class=\"vc_column-inner vc_custom_1698739166688\"><div class=\"wpb_wrapper\"><div class=\"bg-extra-dark-gray bg-overlay\" style=\"opacity:0.4; background-color:#0a0a0a; z-index:-1; \"><\/div><div class=\"last-paragraph-no-margin\" style=\"color: #ffffff;\"><h4 style=\"text-align: center;\"><a class=\"text-white\" href=\"https:\/\/arreche.es\/fr\/secteurs\/#hidraulica\">Hydraulique<\/a><\/h4>\n<\/div><\/div><\/div><\/div><div class=\"wpb_column vc_column_container vc_col-has-fill vc_col-sm-6 vc_col-lg-1\/5 vc_col-md-1\/5 vc_col-xs-12 pofo-column-responsive-69e39a4b54f76\"><div class=\"vc_column-inner vc_custom_1698739365327\"><div class=\"wpb_wrapper\"><div class=\"bg-extra-dark-gray bg-overlay\" style=\"opacity:0.4; background-color:#0a0a0a; z-index:-1; \"><\/div><div class=\"last-paragraph-no-margin\" style=\"color: #ffffff;\"><h4 style=\"text-align: center;\"><a class=\"text-white\" href=\"https:\/\/arreche.es\/fr\/secteurs\/#electricidad\">\u00c9lectricit\u00e9<\/a><\/h4>\n<\/div><\/div><\/div><\/div><\/section><div class=\"vc_row-full-width vc_clearfix\"><\/div><section data-vc-full-width=\"true\" data-vc-full-width-init=\"false\" data-vc-stretch-content=\"true\" class=\"vc_row wpb_row vc_row-fluid   pofo-stretch-content vc_row-o-equal-height vc_row-o-content-middle vc_row-flex pofo-row-responsive-69e39a4b5500b\"><div class=\"wpb_column vc_column_container vc_col-sm-3  col-xs-mobile-fullwidth\"><div class=\"vc_column-inner \"><div class=\"wpb_wrapper\"><\/div><\/div><\/div><div class=\"wpb_column vc_column_container vc_col-sm-3  col-xs-mobile-fullwidth\"><div class=\"vc_column-inner \"><div class=\"wpb_wrapper\"><\/div><\/div><\/div><div class=\"wpb_column vc_column_container vc_col-has-fill vc_col-sm-6  col-xs-mobile-fullwidth\"><div class=\"vc_column-inner vc_custom_1701089072122\"><div class=\"wpb_wrapper\"><\/div><\/div><\/div><div class=\"wpb_column vc_column_container vc_col-sm-3 vc_hidden-sm vc_hidden-xs col-xs-mobile-fullwidth\"><div class=\"vc_column-inner \"><div class=\"wpb_wrapper\"><\/div><\/div><\/div><div class=\"wpb_column vc_column_container vc_col-has-fill vc_col-sm-6 vc_col-lg-3 vc_col-md-3 col-xs-mobile-fullwidth pofo-column-responsive-69e39a4b5510a\"><div class=\"vc_column-inner vc_custom_1698739490376\"><div class=\"wpb_wrapper\"><\/div><\/div><\/div><div class=\"wpb_column vc_column_container vc_col-has-fill vc_col-sm-6  col-xs-mobile-fullwidth pofo-column-responsive-69e39a4b5514a\"><div class=\"vc_column-inner vc_custom_1698737525432\"><div class=\"wpb_wrapper\"><div class=\"last-paragraph-no-margin\" style=\"color: #ffffff;\"><p style=\"color: white;\">Ce n&rsquo;est qu&rsquo;en disposant des derni\u00e8res technologies que nous pouvons garantir de r\u00e9pondre aux exigences et aux sp\u00e9cifications de nos clients.<\/p>\n<p>&nbsp;<\/p>\n<p><a class=\"botoia zuri\" href=\"https:\/\/arreche.es\/fr\/technologie\/\">Technologie<\/a><\/p>\n<\/div><\/div><\/div><\/div><\/section><div class=\"vc_row-full-width vc_clearfix\"><\/div><section data-vc-full-width=\"true\" data-vc-full-width-init=\"false\" data-vc-stretch-content=\"true\" class=\"vc_row wpb_row vc_row-fluid display-none  pofo-stretch-content vc_row-o-content-middle vc_row-flex\"><div class=\"wpb_column vc_column_container vc_col-sm-3  col-xs-mobile-fullwidth\"><div class=\"vc_column-inner vc_custom_1689937389749\"><div class=\"wpb_wrapper\"><div class=\"last-paragraph-no-margin\"><p><span style=\"font-weight: 400;\">Nous avons la capacit\u00e9 et les connaissances (savoir-faire) pour pouvoir fabriquer des pi\u00e8ces tr\u00e8s complexes, avec des tol\u00e9rances minimales et dans des mat\u00e9riaux vari\u00e9s adapt\u00e9s \u00e0 chaque secteur.<\/span><\/p>\n<\/div><\/div><\/div><\/div><div class=\"wpb_column vc_column_container vc_col-sm-3  col-xs-mobile-fullwidth\"><div class=\"vc_column-inner \"><div class=\"wpb_wrapper\">[vc_single_image image=\u00a0\u00bb63&Prime; img_size=\u00a0\u00bbfull\u00a0\u00bb]<\/div><\/div><\/div><div class=\"wpb_column vc_column_container vc_col-sm-3  col-xs-mobile-fullwidth\"><div class=\"vc_column-inner \"><div class=\"wpb_wrapper\">[vc_single_image image=\u00a0\u00bb62&Prime; img_size=\u00a0\u00bbfull\u00a0\u00bb]<\/div><\/div><\/div><div class=\"wpb_column vc_column_container vc_col-sm-3  col-xs-mobile-fullwidth\"><div class=\"vc_column-inner \"><div class=\"wpb_wrapper\">[vc_single_image image=\u00a0\u00bb61&Prime; img_size=\u00a0\u00bbfull\u00a0\u00bb]<\/div><\/div><\/div><\/section><div class=\"vc_row-full-width vc_clearfix\"><\/div><section data-vc-full-width=\"true\" data-vc-full-width-init=\"false\" data-vc-stretch-content=\"true\" class=\"vc_row wpb_row vc_row-fluid display-none vc_custom_1698671426085 vc_row-has-fill pofo-stretch-content vc_row-o-equal-height vc_row-o-content-middle vc_row-flex\"><div class=\"wpb_column vc_column_container vc_col-has-fill vc_col-sm-6  col-xs-mobile-fullwidth\"><div class=\"vc_column-inner vc_custom_1698217831333\"><div class=\"wpb_wrapper\"><div class=\"bg-extra-dark-gray bg-overlay\" style=\"opacity:0.4; background-color:#0a0a0a; z-index:-1; \"><\/div><div class=\"last-paragraph-no-margin\" style=\"color: #ffffff;\"><p style=\"color: white;\">I am text block. Click edit button to change this text. Lorem ipsum dolor sit amet, consectetur adipiscing elit. Ut elit tellus, luctus nec ullamcorper mattis, pulvinar dapibus leo.<\/p>\n<p>&nbsp;<\/p>\n<p><a class=\"botoia zuri\" href=\"#\">Voir les produits<\/a><\/p>\n<\/div><\/div><\/div><\/div><\/section><div class=\"vc_row-full-width vc_clearfix\"><\/div><section data-vc-full-width=\"true\" data-vc-full-width-init=\"false\" data-vc-stretch-content=\"true\" class=\"vc_row wpb_row vc_row-fluid  vc_custom_1698737587853 pofo-stretch-content pofo-row-responsive-69e39a4b5544a\"><div class=\"wpb_column vc_column_container vc_col-sm-12 vc_col-lg-6 vc_col-md-12 vc_col-xs-6\"><div class=\"vc_column-inner \"><div class=\"wpb_wrapper\"><div class=\"last-paragraph-no-margin\" style=\"color: #5c72b2;\"><h3>CLIENTS<\/h3>\n<\/div>[vc_empty_space height=\u00a0\u00bb50px\u00a0\u00bb]<\/div><\/div><\/div><div class=\"wpb_column vc_column_container vc_col-sm-6 vc_col-lg-3 vc_col-md-6 vc_col-xs-12\"><div class=\"vc_column-inner \"><div class=\"wpb_wrapper\"><div class=\"last-paragraph-no-margin\"><p>L&rsquo;innovation et l&rsquo;internationalisation sont nos ma\u00eetres mots depuis nos d\u00e9buts.<\/p>\n<\/div>[vc_empty_space height=\u00a0\u00bb62px\u00a0\u00bb]<\/div><\/div><\/div><div class=\"wpb_column vc_column_container vc_col-sm-6 vc_col-lg-3 vc_col-md-6 vc_col-xs-12\"><div class=\"vc_column-inner \"><div class=\"wpb_wrapper\"><div class=\"last-paragraph-no-margin\"><p>Nous aimons nous sentir proches de nos clients, \u00e9tant un alli\u00e9 durant toutes les phases du projet : de la phase de conception de la pi\u00e8ce jusqu&rsquo;\u00e0 sa livraison.<\/p>\n<\/div>[vc_empty_space height=\u00a0\u00bb62px\u00a0\u00bb]<\/div><\/div><\/div><\/section><div class=\"vc_row-full-width vc_clearfix\"><\/div><section data-vc-full-width=\"true\" data-vc-full-width-init=\"false\" data-vc-stretch-content=\"true\" class=\"vc_row wpb_row vc_row-fluid  vc_custom_1698677395874 pofo-stretch-content vc_row-no-padding\"><div class=\"wpb_column vc_column_container vc_col-sm-6  col-xs-mobile-fullwidth\"><div class=\"vc_column-inner \"><div class=\"wpb_wrapper\">[vc_single_image image=\u00a0\u00bb779&Prime; img_size=\u00a0\u00bbfull\u00a0\u00bb]<\/div><\/div><\/div><div class=\"wpb_column vc_column_container vc_col-sm-6  col-xs-mobile-fullwidth\"><div class=\"vc_column-inner \"><div class=\"wpb_wrapper\">[vc_single_image image=\u00a0\u00bb1413&Prime; img_size=\u00a0\u00bbfull\u00a0\u00bb]<\/div><\/div><\/div><\/section><div class=\"vc_row-full-width vc_clearfix\"><\/div>\n<\/div>","protected":false},"excerpt":{"rendered":"Service, qualit\u00e9 et durabilit\u00e9 Qu'est-ce que nous faisons? ARRECHE est une entreprise familiale (actuellement en 3\u00e8me g\u00e9n\u00e9ration), fond\u00e9e il y a plus de 75 ans, d\u00e9di\u00e9e \u00e0 la fabrication et \u00e0 la vente de pi\u00e8ces usin\u00e9es de haute pr\u00e9cision par d\u00e9colletage et dans diff\u00e9rents mat\u00e9riaux tels que l'aluminium, l'acier, l'inox, le laiton. .. Lire plus [vc_single_image image=\"351\" img_size=\"full\"]NOS VALEURS Chez Arreche, notre priorit\u00e9 est l'humain, nous sommes ax\u00e9s sur le client, nous recherchons l'efficacit\u00e9 et nous voulons soutenir l'environnement dans lequel nous vivons. SECTEURS ET MARCH\u00c9S Nous fournissons des pi\u00e8ces pour diverses industries, r\u00e9pondant aux sp\u00e9cifications de qualit\u00e9 les plus exigeantes. &nbsp; Voir les secteurs Automobilisme Connecteurs \u00c9lectrom\u00e9nager Hydraulique \u00c9lectricit\u00e9 Ce n'est qu'en disposant des derni\u00e8res technologies que nous pouvons garantir de r\u00e9pondre aux exigences et aux sp\u00e9cifications de nos clients. &nbsp; Technologie Nous avons la capacit\u00e9 et les connaissances (savoir-faire) pour pouvoir fabriquer des pi\u00e8ces tr\u00e8s complexes, avec des tol\u00e9rances minimales et dans des mat\u00e9riaux vari\u00e9s adapt\u00e9s \u00e0 chaque secteur. [vc_single_image image=\"63\" img_size=\"full\"][vc_single_image image=\"62\" img_size=\"full\"][vc_single_image image=\"61\" img_size=\"full\"]I am text block. Click edit button to change this text. Lorem ipsum dolor sit amet, consectetur adipiscing elit. Ut elit tellus, luctus nec ullamcorper mattis, pulvinar dapibus leo. &nbsp; Voir les produits...","protected":false},"author":1,"featured_media":0,"parent":0,"menu_order":0,"comment_status":"closed","ping_status":"closed","template":"","meta":{"footnotes":""},"class_list":["post-1456","page","type-page","status-publish","hentry"],"yoast_head":"<!-- This site is optimized with the Yoast SEO plugin v27.1 - https:\/\/yoast.com\/product\/yoast-seo-wordpress\/ -->\n<title>Decoletaje de piezas de precisi\u00f3n en Gipuzkoa | ARRECHE Tolosa<\/title>\n<meta name=\"description\" content=\"ARRECHE: empresa especializada en el decoletaje de piezas de precisi\u00f3n fundada hace m\u00e1s de 75 a\u00f1os.\" \/>\n<meta name=\"robots\" content=\"index, follow, max-snippet:-1, max-image-preview:large, max-video-preview:-1\" \/>\n<link rel=\"canonical\" href=\"https:\/\/arreche.es\/fr\/home\/\" \/>\n<meta property=\"og:locale\" content=\"fr_FR\" \/>\n<meta property=\"og:type\" content=\"article\" \/>\n<meta property=\"og:title\" content=\"Decoletaje de piezas de precisi\u00f3n en Gipuzkoa | ARRECHE Tolosa\" \/>\n<meta property=\"og:description\" content=\"ARRECHE: empresa especializada en el decoletaje de piezas de precisi\u00f3n fundada hace m\u00e1s de 75 a\u00f1os.\" \/>\n<meta property=\"og:url\" content=\"https:\/\/arreche.es\/fr\/home\/\" \/>\n<meta property=\"og:site_name\" content=\"ARRECHE Decoletaje\" \/>\n<meta property=\"article:modified_time\" content=\"2024-04-19T11:36:11+00:00\" \/>\n<meta name=\"twitter:card\" content=\"summary_large_image\" \/>\n<meta name=\"twitter:label1\" content=\"Dur\u00e9e de lecture estim\u00e9e\" \/>\n\t<meta name=\"twitter:data1\" content=\"3 minutes\" \/>\n<script type=\"application\/ld+json\" class=\"yoast-schema-graph\">{\"@context\":\"https:\/\/schema.org\",\"@graph\":[{\"@type\":\"WebPage\",\"@id\":\"https:\/\/arreche.es\/fr\/home\/\",\"url\":\"https:\/\/arreche.es\/fr\/home\/\",\"name\":\"Decoletaje de piezas de precisi\u00f3n en Gipuzkoa | ARRECHE Tolosa\",\"isPartOf\":{\"@id\":\"https:\/\/arreche.es\/#website\"},\"datePublished\":\"2023-07-19T08:43:06+00:00\",\"dateModified\":\"2024-04-19T11:36:11+00:00\",\"description\":\"ARRECHE: empresa especializada en el decoletaje de piezas de precisi\u00f3n fundada hace m\u00e1s de 75 a\u00f1os.\",\"breadcrumb\":{\"@id\":\"https:\/\/arreche.es\/fr\/home\/#breadcrumb\"},\"inLanguage\":\"fr-FR\",\"potentialAction\":[{\"@type\":\"ReadAction\",\"target\":[\"https:\/\/arreche.es\/fr\/home\/\"]}]},{\"@type\":\"BreadcrumbList\",\"@id\":\"https:\/\/arreche.es\/fr\/home\/#breadcrumb\",\"itemListElement\":[{\"@type\":\"ListItem\",\"position\":1,\"name\":\"Portada\",\"item\":\"https:\/\/arreche.es\/fr\/home\/\"},{\"@type\":\"ListItem\",\"position\":2,\"name\":\"Home\"}]},{\"@type\":\"WebSite\",\"@id\":\"https:\/\/arreche.es\/#website\",\"url\":\"https:\/\/arreche.es\/\",\"name\":\"ARRECHE Decoletaje\",\"description\":\"\",\"publisher\":{\"@id\":\"https:\/\/arreche.es\/#organization\"},\"potentialAction\":[{\"@type\":\"SearchAction\",\"target\":{\"@type\":\"EntryPoint\",\"urlTemplate\":\"https:\/\/arreche.es\/?s={search_term_string}\"},\"query-input\":{\"@type\":\"PropertyValueSpecification\",\"valueRequired\":true,\"valueName\":\"search_term_string\"}}],\"inLanguage\":\"fr-FR\"},{\"@type\":\"Organization\",\"@id\":\"https:\/\/arreche.es\/#organization\",\"name\":\"ARRECHE Decoletaje\",\"url\":\"https:\/\/arreche.es\/\",\"logo\":{\"@type\":\"ImageObject\",\"inLanguage\":\"fr-FR\",\"@id\":\"https:\/\/arreche.es\/#\/schema\/logo\/image\/\",\"url\":\"https:\/\/arreche.es\/wp-content\/uploads\/2023\/07\/logo-arreche.png\",\"contentUrl\":\"https:\/\/arreche.es\/wp-content\/uploads\/2023\/07\/logo-arreche.png\",\"width\":1000,\"height\":220,\"caption\":\"ARRECHE Decoletaje\"},\"image\":{\"@id\":\"https:\/\/arreche.es\/#\/schema\/logo\/image\/\"}}]}<\/script>\n<!-- \/ Yoast SEO plugin. -->","yoast_head_json":{"title":"Decoletaje de piezas de precisi\u00f3n en Gipuzkoa | ARRECHE Tolosa","description":"ARRECHE: empresa especializada en el decoletaje de piezas de precisi\u00f3n fundada hace m\u00e1s de 75 a\u00f1os.","robots":{"index":"index","follow":"follow","max-snippet":"max-snippet:-1","max-image-preview":"max-image-preview:large","max-video-preview":"max-video-preview:-1"},"canonical":"https:\/\/arreche.es\/fr\/home\/","og_locale":"fr_FR","og_type":"article","og_title":"Decoletaje de piezas de precisi\u00f3n en Gipuzkoa | ARRECHE Tolosa","og_description":"ARRECHE: empresa especializada en el decoletaje de piezas de precisi\u00f3n fundada hace m\u00e1s de 75 a\u00f1os.","og_url":"https:\/\/arreche.es\/fr\/home\/","og_site_name":"ARRECHE Decoletaje","article_modified_time":"2024-04-19T11:36:11+00:00","twitter_card":"summary_large_image","twitter_misc":{"Dur\u00e9e de lecture estim\u00e9e":"3 minutes"},"schema":{"@context":"https:\/\/schema.org","@graph":[{"@type":"WebPage","@id":"https:\/\/arreche.es\/fr\/home\/","url":"https:\/\/arreche.es\/fr\/home\/","name":"Decoletaje de piezas de precisi\u00f3n en Gipuzkoa | ARRECHE Tolosa","isPartOf":{"@id":"https:\/\/arreche.es\/#website"},"datePublished":"2023-07-19T08:43:06+00:00","dateModified":"2024-04-19T11:36:11+00:00","description":"ARRECHE: empresa especializada en el decoletaje de piezas de precisi\u00f3n fundada hace m\u00e1s de 75 a\u00f1os.","breadcrumb":{"@id":"https:\/\/arreche.es\/fr\/home\/#breadcrumb"},"inLanguage":"fr-FR","potentialAction":[{"@type":"ReadAction","target":["https:\/\/arreche.es\/fr\/home\/"]}]},{"@type":"BreadcrumbList","@id":"https:\/\/arreche.es\/fr\/home\/#breadcrumb","itemListElement":[{"@type":"ListItem","position":1,"name":"Portada","item":"https:\/\/arreche.es\/fr\/home\/"},{"@type":"ListItem","position":2,"name":"Home"}]},{"@type":"WebSite","@id":"https:\/\/arreche.es\/#website","url":"https:\/\/arreche.es\/","name":"ARRECHE Decoletaje","description":"","publisher":{"@id":"https:\/\/arreche.es\/#organization"},"potentialAction":[{"@type":"SearchAction","target":{"@type":"EntryPoint","urlTemplate":"https:\/\/arreche.es\/?s={search_term_string}"},"query-input":{"@type":"PropertyValueSpecification","valueRequired":true,"valueName":"search_term_string"}}],"inLanguage":"fr-FR"},{"@type":"Organization","@id":"https:\/\/arreche.es\/#organization","name":"ARRECHE Decoletaje","url":"https:\/\/arreche.es\/","logo":{"@type":"ImageObject","inLanguage":"fr-FR","@id":"https:\/\/arreche.es\/#\/schema\/logo\/image\/","url":"https:\/\/arreche.es\/wp-content\/uploads\/2023\/07\/logo-arreche.png","contentUrl":"https:\/\/arreche.es\/wp-content\/uploads\/2023\/07\/logo-arreche.png","width":1000,"height":220,"caption":"ARRECHE Decoletaje"},"image":{"@id":"https:\/\/arreche.es\/#\/schema\/logo\/image\/"}}]}},"_links":{"self":[{"href":"https:\/\/arreche.es\/fr\/wp-json\/wp\/v2\/pages\/1456","targetHints":{"allow":["GET"]}}],"collection":[{"href":"https:\/\/arreche.es\/fr\/wp-json\/wp\/v2\/pages"}],"about":[{"href":"https:\/\/arreche.es\/fr\/wp-json\/wp\/v2\/types\/page"}],"author":[{"embeddable":true,"href":"https:\/\/arreche.es\/fr\/wp-json\/wp\/v2\/users\/1"}],"replies":[{"embeddable":true,"href":"https:\/\/arreche.es\/fr\/wp-json\/wp\/v2\/comments?post=1456"}],"version-history":[{"count":3,"href":"https:\/\/arreche.es\/fr\/wp-json\/wp\/v2\/pages\/1456\/revisions"}],"predecessor-version":[{"id":1484,"href":"https:\/\/arreche.es\/fr\/wp-json\/wp\/v2\/pages\/1456\/revisions\/1484"}],"wp:attachment":[{"href":"https:\/\/arreche.es\/fr\/wp-json\/wp\/v2\/media?parent=1456"}],"curies":[{"name":"wp","href":"https:\/\/api.w.org\/{rel}","templated":true}]}}