{"id":1452,"date":"2023-10-27T09:15:39","date_gmt":"2023-10-27T09:15:39","guid":{"rendered":"https:\/\/arreche.es\/tecnologia\/"},"modified":"2024-04-24T14:20:51","modified_gmt":"2024-04-24T14:20:51","slug":"technologie","status":"publish","type":"page","link":"https:\/\/arreche.es\/fr\/technologie\/","title":{"rendered":"Technologie"},"content":{"rendered":"<div class=\"wpb-content-wrapper\"><section data-vc-full-width=\"true\" data-vc-full-width-init=\"false\" data-vc-stretch-content=\"true\" class=\"vc_row wpb_row vc_row-fluid  vc_custom_1698404029545 vc_row-has-fill pofo-stretch-content vc_row-o-equal-height vc_row-o-content-middle vc_row-flex\"><div class=\"wpb_column vc_column_container vc_col-has-fill vc_col-sm-12 vc_col-lg-6 vc_col-md-6 col-xs-mobile-fullwidth\"><div class=\"vc_column-inner vc_custom_1699871602765\"><div class=\"wpb_wrapper\">[vc_empty_space height=\u00a0\u00bb300px\u00a0\u00bb]<\/div><\/div><\/div><div class=\"wpb_column vc_column_container vc_col-sm-12 vc_col-lg-6 vc_col-md-6 col-xs-mobile-fullwidth pofo-column-responsive-69e381e6d3e9f\"><div class=\"vc_column-inner vc_custom_1698824869955\"><div class=\"wpb_wrapper\"><div class=\"last-paragraph-no-margin\" style=\"color: #ffffff;\"><p style=\"color: white; font-weight: 400; margin-bottom: 10px;\">Capacit\u00e9 de production<\/p>\n<h3><span style=\"font-weight: 400;\"><strong>ARRECHE<\/strong> dispose de moyens de production modernes et de pointe<\/span><span style=\"font-weight: 400;\">, avec notamment sa machinerie suisse de haute pr\u00e9cision. <\/span><\/h3>\n<\/div><\/div><\/div><\/div><\/section><div class=\"vc_row-full-width vc_clearfix\"><\/div><section data-vc-full-width=\"true\" data-vc-full-width-init=\"false\" class=\"vc_row wpb_row vc_row-fluid  vc_custom_1706697680975 vc_row-has-fill pofo-stretch-content pofo-stretch-row-container\"><div class=\"wpb_column vc_column_container vc_col-sm-6  col-xs-mobile-fullwidth md-text-center sm-text-center xs-text-center md-display-block sm-display-block xs-display-block\"><div class=\"vc_column-inner \"><div class=\"wpb_wrapper\"><div class=\"last-paragraph-no-margin\"><h4><span style=\"font-weight: 400;\">Capacit\u00e9 de production<\/span><\/h4>\n<\/div><\/div><\/div><\/div><div class=\"wpb_column vc_column_container vc_col-sm-6  col-xs-mobile-fullwidth\"><div class=\"vc_column-inner \"><div class=\"wpb_wrapper\"><div class=\"last-paragraph-no-margin\"><p><span style=\"font-weight: 400;\"> Nous produisons des pi\u00e8ces d\u00e9collet\u00e9es sur 3 <\/span> <span style=\"font-weight: 400;\">types<\/span> <span style=\"font-weight: 400;\">diff\u00e9rents de machinerie <\/span><\/p>\n<\/div><\/div><\/div><\/div><\/section><div class=\"vc_row-full-width vc_clearfix\"><\/div><section data-vc-full-width=\"true\" data-vc-full-width-init=\"false\" data-vc-stretch-content=\"true\" class=\"vc_row wpb_row vc_row-fluid  vc_custom_1706697688179 pofo-stretch-content vc_row-no-padding vc_row-o-equal-height vc_row-o-content-bottom vc_row-flex\"><div class=\"wpb_column vc_column_container vc_col-has-fill fondobajo vc_col-sm-6 vc_col-lg-4 vc_col-md-4 col-xs-mobile-fullwidth\"><div class=\"vc_column-inner vc_custom_1698823560270\"><div class=\"wpb_wrapper\"><div class=\" vc_custom_1699872837534 last-paragraph-no-margin\"><h5><b>Tours monobroches \u00e0 poup\u00e9e mobile C.N.C.<\/b><\/h5>\n<p><span style=\"font-weight: 400;\">Pi\u00e8ces<\/span> <span style=\"font-weight: 400;\">de haute complexit\u00e9<\/span><span style=\"font-weight: 400;\">, dans toutes sortes de mat\u00e9riaux, diam\u00e8tres entre 3 mm et 32 mm et s\u00e9ries de taille moyenne. <\/span><\/p>\n<\/div>[vc_empty_space height=\u00a0\u00bb400px\u00a0\u00bb css=\u00a0\u00bb.vc_custom_1701090655080{background-image: url(https:\/\/arreche.es\/wp-content\/uploads\/2023\/11\/IMG_5797-editatua.png?id=946) !important;background-position: center !important;background-repeat: no-repeat !important;background-size: cover !important;}\u00a0\u00bb]<\/div><\/div><\/div><div class=\"wpb_column vc_column_container vc_col-sm-6 vc_col-lg-4 vc_col-md-4 col-xs-mobile-fullwidth\"><div class=\"vc_column-inner \"><div class=\"wpb_wrapper\"><div class=\" vc_custom_1699872903867 last-paragraph-no-margin\"><h5><b>Tours multibroches C.N.C.<\/b><\/h5>\n<p><span style=\"font-weight: 400;\">Pi\u00e8ces de complexit\u00e9 moyenne-\u00e9lev\u00e9e, dans toutes sortes de mat\u00e9riaux, diam\u00e8tres entre 4 mm et 36 mm et s\u00e9ries de taille moyenne et grande.<\/span><\/p>\n<\/div>[vc_empty_space height=\u00a0\u00bb400px\u00a0\u00bb css=\u00a0\u00bb.vc_custom_1710947557339{background-image: url(https:\/\/arreche.es\/wp-content\/uploads\/2024\/03\/tecnologia.jpg?id=1179) !important;background-position: center !important;background-repeat: no-repeat !important;background-size: cover !important;}\u00a0\u00bb]<\/div><\/div><\/div><div class=\"wpb_column vc_column_container vc_col-sm-6 vc_col-lg-4 vc_col-md-4 col-xs-mobile-fullwidth\"><div class=\"vc_column-inner \"><div class=\"wpb_wrapper\"><div class=\" vc_custom_1699872948036 last-paragraph-no-margin\"><h5><b>Tours multibroches m\u00e9caniques<\/b><\/h5>\n<p><span style=\"font-weight: 400;\">Pi\u00e8ces de complexit\u00e9 moyenne, dans des aciers facilement usinables, aluminiums et laitons, diam\u00e8tres entre 3 mm et 19 mm et s\u00e9ries grandes ou tr\u00e8s grandes.<\/span><\/p>\n<\/div>[vc_empty_space height=\u00a0\u00bb400px\u00a0\u00bb css=\u00a0\u00bb.vc_custom_1699874945078{background-image: url(https:\/\/arreche.es\/wp-content\/uploads\/2023\/11\/7.-Multihusillos.png?id=864) !important;background-position: center !important;background-repeat: no-repeat !important;background-size: cover !important;}\u00a0\u00bb]<\/div><\/div><\/div><\/section><div class=\"vc_row-full-width vc_clearfix\"><\/div><section data-vc-full-width=\"true\" data-vc-full-width-init=\"false\" class=\"vc_row wpb_row vc_row-fluid  vc_custom_1706697731960 vc_row-has-fill pofo-stretch-content pofo-stretch-row-container\"><div class=\"wpb_column vc_column_container vc_col-sm-6  col-xs-mobile-fullwidth md-text-center sm-text-center xs-text-center md-display-block sm-display-block xs-display-block\"><div class=\"vc_column-inner \"><div class=\"wpb_wrapper\"><div class=\"last-paragraph-no-margin\"><h4>Qualit\u00e9<\/h4>\n<\/div><\/div><\/div><\/div><div class=\"wpb_column vc_column_container vc_col-sm-6  col-xs-mobile-fullwidth\"><div class=\"vc_column-inner \"><div class=\"wpb_wrapper\"><div class=\"last-paragraph-no-margin\"><p><span style=\"font-weight: 400;\">Nous disposons d&rsquo;un laboratoire de m\u00e9trologie tr\u00e8s complet avec des machines modernes et vari\u00e9es telles que le profilom\u00e8tre, le rugosim\u00e8tre,<\/span> <span style=\"font-weight: 400;\"> le syst\u00e8me de mesure tridimensionnelle \u00e0 portique,<\/span> <span style=\"font-weight: 400;\">des syst\u00e8mes de mesure dimensionnelle d&rsquo;images\u2026 <\/span><\/p>\n<\/div><\/div><\/div><\/div><\/section><div class=\"vc_row-full-width vc_clearfix\"><\/div><section data-vc-full-width=\"true\" data-vc-full-width-init=\"false\" data-vc-stretch-content=\"true\" class=\"vc_row wpb_row vc_row-fluid  vc_custom_1698404220218 pofo-stretch-content vc_row-no-padding vc_row-o-equal-height vc_row-o-content-bottom vc_row-flex\"><div class=\"wpb_column vc_column_container vc_col-sm-6 vc_col-lg-4 vc_col-md-4 col-xs-mobile-fullwidth\"><div class=\"vc_column-inner \"><div class=\"wpb_wrapper\"><div class=\" vc_custom_1699874702395 last-paragraph-no-margin\"><h5><b>Profilom\u00e8tre<\/b><\/h5>\n<\/div>[vc_raw_html]PGRpdiBjbGFzcz0idmlkZW8tY29udGFpbmVyIj48dmlkZW8gYXV0b3BsYXkgcG9zdGVyPSIiIGNsYXNzPSJ2aWRlby1wYXJhbGxheCIgbG9vcCBtdXRlZCBwbGF5c2lubGluZT48c291cmNlIHNyYz0iaHR0cHM6Ly9hcnJlY2hlLmVzL3dwLWNvbnRlbnQvdXBsb2Fkcy8yMDI0LzAxL0NvbXAtMy5tcDQiIHR5cGU9InZpZGVvL21wNCI+PC92aWRlbz48L2Rpdj48c3R5bGU+dmlkZW8gewogICAgbWFyZ2luOjAgYXV0bzt0cmFuc2Zvcm06c2NhbGUoMS4wNSk7CgogICAgbWluLXdpZHRoOiAxMDAlOwogICAgbWluLWhlaWdodDogMTAwJTsKICAgIHdpZHRoOiAxMDAlOwogICAgaGVpZ2h0OiBhdXRvOwogICAgei1pbmRleDogLTEwMDsKICAgIGJhY2tncm91bmQtc2l6ZTogY292ZXI7CiAgICB0cmFuc2l0aW9uOiAxcyBvcGFjaXR5Owpwb3NpdGlvbjogYWJzb2x1dGU7CiAgICB0b3A6IC0yMiU7Cn0KLnZpZGVvLWNvbnRhaW5lciB7cG9zaXRpb246cmVsYXRpdmU7CiAgICBoZWlnaHQ6IDUwdmg7b3ZlcmZsb3c6aGlkZGVuOwoKfQoKPC9zdHlsZT4=[\/vc_raw_html]<\/div><\/div><\/div><div class=\"wpb_column vc_column_container vc_col-sm-6 vc_col-lg-4 vc_col-md-4 col-xs-mobile-fullwidth\"><div class=\"vc_column-inner \"><div class=\"wpb_wrapper\"><div class=\" vc_custom_1706606101083 last-paragraph-no-margin\"><h5><b>Mesure 3D de haute pr\u00e9cision<\/b><\/h5>\n<\/div>[vc_raw_html]PGRpdiBjbGFzcz0idmlkZW8tY29udGFpbmVyLTEiPjx2aWRlbyBhdXRvcGxheSBwb3N0ZXI9IiIgY2xhc3M9InZpZGVvLTEiIGxvb3AgbXV0ZWQgcGxheXNpbmxpbmU+PHNvdXJjZSBzcmM9Imh0dHBzOi8vYXJyZWNoZS5lcy93cC1jb250ZW50L3VwbG9hZHMvMjAyNC8wMS9Db21wLTQubXA0IiB0eXBlPSJ2aWRlby9tcDQiPjwvdmlkZW8+PC9kaXY+PHN0eWxlPi52aWRlby0xIHsKICAgIG1hcmdpbjowIGF1dG87dHJhbnNmb3JtOnNjYWxlKDEuMDUpOwoKICAgIG1pbi13aWR0aDogMTAwJTsKICAgIG1pbi1oZWlnaHQ6IDEwMCU7CiAgICB3aWR0aDogMTAwJTsKICAgIGhlaWdodDogYXV0bzsKICAgIHotaW5kZXg6IC0xMDA7CiAgICBiYWNrZ3JvdW5kLXNpemU6IGNvdmVyOwogICAgdHJhbnNpdGlvbjogMXMgb3BhY2l0eTsKcG9zaXRpb246IGFic29sdXRlOwogICAgdG9wOiAtMjIlOwp9Ci52aWRlby1jb250YWluZXItMSB7CiAgICBoZWlnaHQ6IDUwdmg7Cm92ZXJmbG93OmhpZGRlbjtwb3NpdGlvbjpyZWxhdGl2ZTsKfQoKPC9zdHlsZT4=[\/vc_raw_html]<\/div><\/div><\/div><div class=\"wpb_column vc_column_container vc_col-sm-6 vc_col-lg-4 vc_col-md-4 col-xs-mobile-fullwidth\"><div class=\"vc_column-inner \"><div class=\"wpb_wrapper\"><div class=\" vc_custom_1710505369091 last-paragraph-no-margin\"><h5><b>Machines \u00e0 vision<\/b><\/h5>\n<\/div>[vc_raw_html]PGRpdiBjbGFzcz0idmlkZW8tY29udGFpbmVyLTIiPjx2aWRlbyBhdXRvcGxheSBwb3N0ZXI9IiIgY2xhc3M9InZpZGVvLTIiIGxvb3AgbXV0ZWQgcGxheXNpbmxpbmU+PHNvdXJjZSBzcmM9Imh0dHBzOi8vYXJyZWNoZS5lcy93cC1jb250ZW50L3VwbG9hZHMvMjAyNC8wMy9BcnJlY2hlLXZpZGVvXzJNQi5tcDQiIHR5cGU9InZpZGVvL21wNCI+PC92aWRlbz48L2Rpdj48c3R5bGU+LnZpZGVvLTIgewp0cmFuc2Zvcm06c2NhbGUoMS4wNSk7CiAgICBtYXJnaW46MCBhdXRvOwogICAgbWluLXdpZHRoOiAxMDAlOwogICAgbWluLWhlaWdodDogMTAwJTsKICAgIHdpZHRoOiAxMDAlOwogICAgaGVpZ2h0OiBhdXRvOwogICAgei1pbmRleDogLTEwMDsKICAgIGJhY2tncm91bmQtc2l6ZTogY292ZXI7CiAgICB0cmFuc2l0aW9uOiAxcyBvcGFjaXR5Owpwb3NpdGlvbjogYWJzb2x1dGU7CiAgICB0b3A6IC0yMiU7Cn0KLnZpZGVvLWNvbnRhaW5lci0yIHsKICAgIGhlaWdodDogNTB2aDsKb3ZlcmZsb3c6aGlkZGVuO3Bvc2l0aW9uOnJlbGF0aXZlOwp9Cgo8L3N0eWxlPg==[\/vc_raw_html]<\/div><\/div><\/div><\/section><div class=\"vc_row-full-width vc_clearfix\"><\/div><section data-vc-full-width=\"true\" data-vc-full-width-init=\"false\" data-vc-stretch-content=\"true\" class=\"vc_row wpb_row vc_row-fluid  vc_custom_1706697755959 pofo-stretch-content vc_row-no-padding vc_row-o-equal-height vc_row-o-content-middle vc_row-flex\"><div class=\"wpb_column vc_column_container vc_col-sm-6 vc_col-lg-6 vc_col-md-6 col-xs-mobile-fullwidth\"><div class=\"vc_column-inner vc_custom_1699874401667\"><div class=\"wpb_wrapper\"><div class=\" vc_custom_1706697828355 last-paragraph-no-margin pofo-text-block-responsive-69e381e6d47ae\"><p><span style=\"font-weight: 400;\">Pour r\u00e9pondre aux normes \u00e9lev\u00e9es de propret\u00e9 des pi\u00e8ces exig\u00e9es par nos clients, nous disposons de machines de nettoyage avec un processus combin\u00e9 d&rsquo;hydrocarbure et d&rsquo;eau, une chambre \u00e0 ultrasons, rotation des paniers, vapeur de solvant, s\u00e9chage sous vide<\/span><\/p>\n<\/div><\/div><\/div><\/div><div class=\"wpb_column vc_column_container vc_col-has-fill vc_col-sm-6 vc_col-lg-6 vc_col-md-6 col-xs-mobile-fullwidth\"><div class=\"vc_column-inner vc_custom_1710947843400\"><div class=\"wpb_wrapper\"><div id=\"pofo-image-slider-1\" class=\"swiper-container height-100 width-100 white-move swiper-container-horizontal pofo-image-style7 pofo-image-slider-1  pofo-slider7 pofo-slider7-1\" data-slider-options=\"{&quot;keyboard&quot;:true,&quot;slidesPerView&quot;:1,&quot;loop&quot;:true,&quot;autoplay&quot;:{&quot;delay&quot;:2000,&quot;disableOnInteraction&quot;:false},&quot;effect&quot;:&quot;fade&quot;,&quot;fadeEffect&quot;:{&quot;crossFade&quot;:true},&quot;pagination&quot;:{&quot;el&quot;:&quot;.swiper-pagination-1&quot;,&quot;type&quot;:&quot;bullets&quot;,&quot;clickable&quot;:true}}\"><div class=\"swiper-wrapper\"><div class=\"swiper-slide\" data-swiper-slide-index=\"0\"><div class=\"container-fluid no-padding\"><div class=\"col-lg-12 no-padding text-center\"><img loading=\"lazy\" decoding=\"async\" src=\"https:\/\/arreche.es\/wp-content\/uploads\/2023\/11\/limpieza.jpg\" class=\"width-100\" width=\"1000\" height=\"667\" alt=\"\" srcset=\"https:\/\/arreche.es\/wp-content\/uploads\/2023\/11\/limpieza.jpg 1000w, https:\/\/arreche.es\/wp-content\/uploads\/2023\/11\/limpieza-300x200.jpg 300w, https:\/\/arreche.es\/wp-content\/uploads\/2023\/11\/limpieza-768x512.jpg 768w, https:\/\/arreche.es\/wp-content\/uploads\/2023\/11\/limpieza-120x80.jpg 120w, https:\/\/arreche.es\/wp-content\/uploads\/2023\/11\/limpieza-81x54.jpg 81w\" sizes=\"auto, (max-width: 1000px) 100vw, 1000px\"\/><\/div><\/div><\/div><div class=\"swiper-slide\" data-swiper-slide-index=\"0\"><div class=\"container-fluid no-padding\"><div class=\"col-lg-12 no-padding text-center\"><img loading=\"lazy\" decoding=\"async\" src=\"https:\/\/arreche.es\/wp-content\/uploads\/2024\/04\/limpieza.jpg\" class=\"width-100\" width=\"1000\" height=\"667\" alt=\"\" srcset=\"https:\/\/arreche.es\/wp-content\/uploads\/2024\/04\/limpieza.jpg 1000w, https:\/\/arreche.es\/wp-content\/uploads\/2024\/04\/limpieza-300x200.jpg 300w, https:\/\/arreche.es\/wp-content\/uploads\/2024\/04\/limpieza-768x512.jpg 768w, https:\/\/arreche.es\/wp-content\/uploads\/2024\/04\/limpieza-120x80.jpg 120w, https:\/\/arreche.es\/wp-content\/uploads\/2024\/04\/limpieza-81x54.jpg 81w\" sizes=\"auto, (max-width: 1000px) 100vw, 1000px\"\/><\/div><\/div><\/div><\/div><div class=\"swiper-pagination  swiper-pagination-black swiper-pagination-1\"><\/div><\/div><\/div><\/div><\/div><\/section><div class=\"vc_row-full-width vc_clearfix\"><\/div><section data-vc-full-width=\"true\" data-vc-full-width-init=\"false\" data-vc-stretch-content=\"true\" class=\"vc_row wpb_row vc_row-fluid  vc_custom_1698829987245 vc_row-has-fill pofo-stretch-content vc_row-no-padding\"><div class=\"wpb_column vc_column_container vc_col-sm-12  col-xs-mobile-fullwidth pofo-column-responsive-69e381e6d52a1\"><div class=\"vc_column-inner vc_custom_1698744878463\"><div class=\"wpb_wrapper\">[vc_empty_space]<div class=\"last-paragraph-no-margin\" style=\"color: #ffffff;\"><h3 style=\"text-align: center;\">Nous sommes leaders en d\u00e9colletage<br \/>\nde pr\u00e9cision : nous apportons des solutions aux<br \/>\nd\u00e9fis les plus ambitieux de nos clients.<\/h3>\n<\/div>[vc_empty_space]<div class=\"last-paragraph-no-margin\" style=\"color: #ffffff;\"><div style=\"text-align: center;\"><a class=\"botoia zuri botoi-luzea\" href=\"https:\/\/arreche.es\/fr\/contact\/\">Contactez-nous et nous vous aiderons<\/a><\/div>\n<\/div>[vc_empty_space]<\/div><\/div><\/div><\/section><div class=\"vc_row-full-width vc_clearfix\"><\/div>\n<\/div>","protected":false},"excerpt":{"rendered":"[vc_empty_space height=\"300px\"]Capacit\u00e9 de production ARRECHE dispose de moyens de production modernes et de pointe, avec notamment sa machinerie suisse de haute pr\u00e9cision. Capacit\u00e9 de production Nous produisons des pi\u00e8ces d\u00e9collet\u00e9es sur 3 types diff\u00e9rents de machinerie Tours monobroches \u00e0 poup\u00e9e mobile C.N.C. Pi\u00e8ces de haute complexit\u00e9, dans toutes sortes de mat\u00e9riaux, diam\u00e8tres entre 3 mm et 32 mm et s\u00e9ries de taille moyenne. [vc_empty_space height=\"400px\" css=\".vc_custom_1701090655080{background-image: url(https:\/\/arreche.es\/wp-content\/uploads\/2023\/11\/IMG_5797-editatua.png?id=946) !important;background-position: center !important;background-repeat: no-repeat !important;background-size: cover !important;}\"]Tours multibroches C.N.C. Pi\u00e8ces de complexit\u00e9 moyenne-\u00e9lev\u00e9e, dans toutes sortes de mat\u00e9riaux, diam\u00e8tres entre 4 mm et 36 mm et s\u00e9ries de taille moyenne et grande. [vc_empty_space height=\"400px\" css=\".vc_custom_1710947557339{background-image: url(https:\/\/arreche.es\/wp-content\/uploads\/2024\/03\/tecnologia.jpg?id=1179) !important;background-position: center !important;background-repeat: no-repeat !important;background-size: cover !important;}\"]Tours multibroches m\u00e9caniques Pi\u00e8ces de complexit\u00e9 moyenne, dans des aciers facilement usinables, aluminiums et laitons, diam\u00e8tres entre 3 mm et 19 mm et s\u00e9ries grandes ou tr\u00e8s grandes. [vc_empty_space height=\"400px\" css=\".vc_custom_1699874945078{background-image: url(https:\/\/arreche.es\/wp-content\/uploads\/2023\/11\/7.-Multihusillos.png?id=864) !important;background-position: center !important;background-repeat: no-repeat !important;background-size: cover !important;}\"]Qualit\u00e9 Nous disposons d'un laboratoire de m\u00e9trologie tr\u00e8s complet avec des machines modernes et vari\u00e9es telles que le profilom\u00e8tre, le rugosim\u00e8tre, le syst\u00e8me de mesure tridimensionnelle \u00e0 portique, des syst\u00e8mes de mesure dimensionnelle d'images\u2026 Profilom\u00e8tre [vc_raw_html]PGRpdiBjbGFzcz0idmlkZW8tY29udGFpbmVyIj48dmlkZW8gYXV0b3BsYXkgcG9zdGVyPSIiIGNsYXNzPSJ2aWRlby1wYXJhbGxheCIgbG9vcCBtdXRlZCBwbGF5c2lubGluZT48c291cmNlIHNyYz0iaHR0cHM6Ly9hcnJlY2hlLmVzL3dwLWNvbnRlbnQvdXBsb2Fkcy8yMDI0LzAxL0NvbXAtMy5tcDQiIHR5cGU9InZpZGVvL21wNCI+PC92aWRlbz48L2Rpdj48c3R5bGU+dmlkZW8gewogICAgbWFyZ2luOjAgYXV0bzt0cmFuc2Zvcm06c2NhbGUoMS4wNSk7CgogICAgbWluLXdpZHRoOiAxMDAlOwogICAgbWluLWhlaWdodDogMTAwJTsKICAgIHdpZHRoOiAxMDAlOwogICAgaGVpZ2h0OiBhdXRvOwogICAgei1pbmRleDogLTEwMDsKICAgIGJhY2tncm91bmQtc2l6ZTogY292ZXI7CiAgICB0cmFuc2l0aW9uOiAxcyBvcGFjaXR5Owpwb3NpdGlvbjogYWJzb2x1dGU7CiAgICB0b3A6IC0yMiU7Cn0KLnZpZGVvLWNvbnRhaW5lciB7cG9zaXRpb246cmVsYXRpdmU7CiAgICBoZWlnaHQ6IDUwdmg7b3ZlcmZsb3c6aGlkZGVuOwoKfQoKPC9zdHlsZT4=[\/vc_raw_html]Mesure 3D de haute pr\u00e9cision [vc_raw_html]PGRpdiBjbGFzcz0idmlkZW8tY29udGFpbmVyLTEiPjx2aWRlbyBhdXRvcGxheSBwb3N0ZXI9IiIgY2xhc3M9InZpZGVvLTEiIGxvb3AgbXV0ZWQgcGxheXNpbmxpbmU+PHNvdXJjZSBzcmM9Imh0dHBzOi8vYXJyZWNoZS5lcy93cC1jb250ZW50L3VwbG9hZHMvMjAyNC8wMS9Db21wLTQubXA0IiB0eXBlPSJ2aWRlby9tcDQiPjwvdmlkZW8+PC9kaXY+PHN0eWxlPi52aWRlby0xIHsKICAgIG1hcmdpbjowIGF1dG87dHJhbnNmb3JtOnNjYWxlKDEuMDUpOwoKICAgIG1pbi13aWR0aDogMTAwJTsKICAgIG1pbi1oZWlnaHQ6IDEwMCU7CiAgICB3aWR0aDogMTAwJTsKICAgIGhlaWdodDogYXV0bzsKICAgIHotaW5kZXg6IC0xMDA7CiAgICBiYWNrZ3JvdW5kLXNpemU6IGNvdmVyOwogICAgdHJhbnNpdGlvbjogMXMgb3BhY2l0eTsKcG9zaXRpb246IGFic29sdXRlOwogICAgdG9wOiAtMjIlOwp9Ci52aWRlby1jb250YWluZXItMSB7CiAgICBoZWlnaHQ6IDUwdmg7Cm92ZXJmbG93OmhpZGRlbjtwb3NpdGlvbjpyZWxhdGl2ZTsKfQoKPC9zdHlsZT4=[\/vc_raw_html]Machines \u00e0 vision [vc_raw_html]PGRpdiBjbGFzcz0idmlkZW8tY29udGFpbmVyLTIiPjx2aWRlbyBhdXRvcGxheSBwb3N0ZXI9IiIgY2xhc3M9InZpZGVvLTIiIGxvb3AgbXV0ZWQgcGxheXNpbmxpbmU+PHNvdXJjZSBzcmM9Imh0dHBzOi8vYXJyZWNoZS5lcy93cC1jb250ZW50L3VwbG9hZHMvMjAyNC8wMy9BcnJlY2hlLXZpZGVvXzJNQi5tcDQiIHR5cGU9InZpZGVvL21wNCI+PC92aWRlbz48L2Rpdj48c3R5bGU+LnZpZGVvLTIgewp0cmFuc2Zvcm06c2NhbGUoMS4wNSk7CiAgICBtYXJnaW46MCBhdXRvOwogICAgbWluLXdpZHRoOiAxMDAlOwogICAgbWluLWhlaWdodDogMTAwJTsKICAgIHdpZHRoOiAxMDAlOwogICAgaGVpZ2h0OiBhdXRvOwogICAgei1pbmRleDogLTEwMDsKICAgIGJhY2tncm91bmQtc2l6ZTogY292ZXI7CiAgICB0cmFuc2l0aW9uOiAxcyBvcGFjaXR5Owpwb3NpdGlvbjogYWJzb2x1dGU7CiAgICB0b3A6IC0yMiU7Cn0KLnZpZGVvLWNvbnRhaW5lci0yIHsKICAgIGhlaWdodDogNTB2aDsKb3ZlcmZsb3c6aGlkZGVuO3Bvc2l0aW9uOnJlbGF0aXZlOwp9Cgo8L3N0eWxlPg==[\/vc_raw_html]Pour r\u00e9pondre aux normes \u00e9lev\u00e9es de propret\u00e9 des pi\u00e8ces exig\u00e9es...","protected":false},"author":1,"featured_media":0,"parent":0,"menu_order":0,"comment_status":"closed","ping_status":"closed","template":"","meta":{"footnotes":""},"class_list":["post-1452","page","type-page","status-publish","hentry"],"yoast_head":"<!-- This site is optimized with the Yoast SEO plugin v27.1 - https:\/\/yoast.com\/product\/yoast-seo-wordpress\/ -->\n<title>Tecnolog\u00eda y maquinaria | ARRECHE Decoletaje<\/title>\n<meta name=\"description\" content=\"ARRECHE cuenta con medios productivos modernos y de alta tecnolog\u00eda, destacando su maquinaria Suiza de alta precisi\u00f3n.\" \/>\n<meta name=\"robots\" content=\"index, follow, max-snippet:-1, max-image-preview:large, max-video-preview:-1\" \/>\n<link rel=\"canonical\" href=\"https:\/\/arreche.es\/fr\/technologie\/\" \/>\n<meta property=\"og:locale\" content=\"fr_FR\" \/>\n<meta property=\"og:type\" content=\"article\" \/>\n<meta property=\"og:title\" content=\"Tecnolog\u00eda y maquinaria | ARRECHE Decoletaje\" \/>\n<meta property=\"og:description\" content=\"ARRECHE cuenta con medios productivos modernos y de alta tecnolog\u00eda, destacando su maquinaria Suiza de alta precisi\u00f3n.\" \/>\n<meta property=\"og:url\" content=\"https:\/\/arreche.es\/fr\/technologie\/\" \/>\n<meta property=\"og:site_name\" content=\"ARRECHE Decoletaje\" \/>\n<meta property=\"article:modified_time\" content=\"2024-04-24T14:20:51+00:00\" \/>\n<meta name=\"twitter:card\" content=\"summary_large_image\" \/>\n<meta name=\"twitter:label1\" content=\"Dur\u00e9e de lecture estim\u00e9e\" \/>\n\t<meta name=\"twitter:data1\" content=\"3 minutes\" \/>\n<script type=\"application\/ld+json\" class=\"yoast-schema-graph\">{\"@context\":\"https:\/\/schema.org\",\"@graph\":[{\"@type\":\"WebPage\",\"@id\":\"https:\/\/arreche.es\/fr\/technologie\/\",\"url\":\"https:\/\/arreche.es\/fr\/technologie\/\",\"name\":\"Tecnolog\u00eda y maquinaria | ARRECHE Decoletaje\",\"isPartOf\":{\"@id\":\"https:\/\/arreche.es\/#website\"},\"datePublished\":\"2023-10-27T09:15:39+00:00\",\"dateModified\":\"2024-04-24T14:20:51+00:00\",\"description\":\"ARRECHE cuenta con medios productivos modernos y de alta tecnolog\u00eda, destacando su maquinaria Suiza de alta precisi\u00f3n.\",\"breadcrumb\":{\"@id\":\"https:\/\/arreche.es\/fr\/technologie\/#breadcrumb\"},\"inLanguage\":\"fr-FR\",\"potentialAction\":[{\"@type\":\"ReadAction\",\"target\":[\"https:\/\/arreche.es\/fr\/technologie\/\"]}]},{\"@type\":\"BreadcrumbList\",\"@id\":\"https:\/\/arreche.es\/fr\/technologie\/#breadcrumb\",\"itemListElement\":[{\"@type\":\"ListItem\",\"position\":1,\"name\":\"Portada\",\"item\":\"https:\/\/arreche.es\/fr\/home\/\"},{\"@type\":\"ListItem\",\"position\":2,\"name\":\"Technologie\"}]},{\"@type\":\"WebSite\",\"@id\":\"https:\/\/arreche.es\/#website\",\"url\":\"https:\/\/arreche.es\/\",\"name\":\"ARRECHE Decoletaje\",\"description\":\"\",\"publisher\":{\"@id\":\"https:\/\/arreche.es\/#organization\"},\"potentialAction\":[{\"@type\":\"SearchAction\",\"target\":{\"@type\":\"EntryPoint\",\"urlTemplate\":\"https:\/\/arreche.es\/?s={search_term_string}\"},\"query-input\":{\"@type\":\"PropertyValueSpecification\",\"valueRequired\":true,\"valueName\":\"search_term_string\"}}],\"inLanguage\":\"fr-FR\"},{\"@type\":\"Organization\",\"@id\":\"https:\/\/arreche.es\/#organization\",\"name\":\"ARRECHE Decoletaje\",\"url\":\"https:\/\/arreche.es\/\",\"logo\":{\"@type\":\"ImageObject\",\"inLanguage\":\"fr-FR\",\"@id\":\"https:\/\/arreche.es\/#\/schema\/logo\/image\/\",\"url\":\"https:\/\/arreche.es\/wp-content\/uploads\/2023\/07\/logo-arreche.png\",\"contentUrl\":\"https:\/\/arreche.es\/wp-content\/uploads\/2023\/07\/logo-arreche.png\",\"width\":1000,\"height\":220,\"caption\":\"ARRECHE Decoletaje\"},\"image\":{\"@id\":\"https:\/\/arreche.es\/#\/schema\/logo\/image\/\"}}]}<\/script>\n<!-- \/ Yoast SEO plugin. -->","yoast_head_json":{"title":"Tecnolog\u00eda y maquinaria | ARRECHE Decoletaje","description":"ARRECHE cuenta con medios productivos modernos y de alta tecnolog\u00eda, destacando su maquinaria Suiza de alta precisi\u00f3n.","robots":{"index":"index","follow":"follow","max-snippet":"max-snippet:-1","max-image-preview":"max-image-preview:large","max-video-preview":"max-video-preview:-1"},"canonical":"https:\/\/arreche.es\/fr\/technologie\/","og_locale":"fr_FR","og_type":"article","og_title":"Tecnolog\u00eda y maquinaria | ARRECHE Decoletaje","og_description":"ARRECHE cuenta con medios productivos modernos y de alta tecnolog\u00eda, destacando su maquinaria Suiza de alta precisi\u00f3n.","og_url":"https:\/\/arreche.es\/fr\/technologie\/","og_site_name":"ARRECHE Decoletaje","article_modified_time":"2024-04-24T14:20:51+00:00","twitter_card":"summary_large_image","twitter_misc":{"Dur\u00e9e de lecture estim\u00e9e":"3 minutes"},"schema":{"@context":"https:\/\/schema.org","@graph":[{"@type":"WebPage","@id":"https:\/\/arreche.es\/fr\/technologie\/","url":"https:\/\/arreche.es\/fr\/technologie\/","name":"Tecnolog\u00eda y maquinaria | ARRECHE Decoletaje","isPartOf":{"@id":"https:\/\/arreche.es\/#website"},"datePublished":"2023-10-27T09:15:39+00:00","dateModified":"2024-04-24T14:20:51+00:00","description":"ARRECHE cuenta con medios productivos modernos y de alta tecnolog\u00eda, destacando su maquinaria Suiza de alta precisi\u00f3n.","breadcrumb":{"@id":"https:\/\/arreche.es\/fr\/technologie\/#breadcrumb"},"inLanguage":"fr-FR","potentialAction":[{"@type":"ReadAction","target":["https:\/\/arreche.es\/fr\/technologie\/"]}]},{"@type":"BreadcrumbList","@id":"https:\/\/arreche.es\/fr\/technologie\/#breadcrumb","itemListElement":[{"@type":"ListItem","position":1,"name":"Portada","item":"https:\/\/arreche.es\/fr\/home\/"},{"@type":"ListItem","position":2,"name":"Technologie"}]},{"@type":"WebSite","@id":"https:\/\/arreche.es\/#website","url":"https:\/\/arreche.es\/","name":"ARRECHE Decoletaje","description":"","publisher":{"@id":"https:\/\/arreche.es\/#organization"},"potentialAction":[{"@type":"SearchAction","target":{"@type":"EntryPoint","urlTemplate":"https:\/\/arreche.es\/?s={search_term_string}"},"query-input":{"@type":"PropertyValueSpecification","valueRequired":true,"valueName":"search_term_string"}}],"inLanguage":"fr-FR"},{"@type":"Organization","@id":"https:\/\/arreche.es\/#organization","name":"ARRECHE Decoletaje","url":"https:\/\/arreche.es\/","logo":{"@type":"ImageObject","inLanguage":"fr-FR","@id":"https:\/\/arreche.es\/#\/schema\/logo\/image\/","url":"https:\/\/arreche.es\/wp-content\/uploads\/2023\/07\/logo-arreche.png","contentUrl":"https:\/\/arreche.es\/wp-content\/uploads\/2023\/07\/logo-arreche.png","width":1000,"height":220,"caption":"ARRECHE Decoletaje"},"image":{"@id":"https:\/\/arreche.es\/#\/schema\/logo\/image\/"}}]}},"_links":{"self":[{"href":"https:\/\/arreche.es\/fr\/wp-json\/wp\/v2\/pages\/1452","targetHints":{"allow":["GET"]}}],"collection":[{"href":"https:\/\/arreche.es\/fr\/wp-json\/wp\/v2\/pages"}],"about":[{"href":"https:\/\/arreche.es\/fr\/wp-json\/wp\/v2\/types\/page"}],"author":[{"embeddable":true,"href":"https:\/\/arreche.es\/fr\/wp-json\/wp\/v2\/users\/1"}],"replies":[{"embeddable":true,"href":"https:\/\/arreche.es\/fr\/wp-json\/wp\/v2\/comments?post=1452"}],"version-history":[{"count":8,"href":"https:\/\/arreche.es\/fr\/wp-json\/wp\/v2\/pages\/1452\/revisions"}],"predecessor-version":[{"id":1501,"href":"https:\/\/arreche.es\/fr\/wp-json\/wp\/v2\/pages\/1452\/revisions\/1501"}],"wp:attachment":[{"href":"https:\/\/arreche.es\/fr\/wp-json\/wp\/v2\/media?parent=1452"}],"curies":[{"name":"wp","href":"https:\/\/api.w.org\/{rel}","templated":true}]}}