{"id":1450,"date":"2023-07-21T09:46:53","date_gmt":"2023-07-21T09:46:53","guid":{"rendered":"https:\/\/arreche.es\/contacto\/"},"modified":"2024-10-23T12:22:20","modified_gmt":"2024-10-23T12:22:20","slug":"contact","status":"publish","type":"page","link":"https:\/\/arreche.es\/fr\/contact\/","title":{"rendered":"Contact"},"content":{"rendered":"<div class=\"wpb-content-wrapper\"><section data-vc-full-width=\"true\" data-vc-full-width-init=\"false\" data-vc-stretch-content=\"true\" class=\"vc_row wpb_row vc_row-fluid  vc_custom_1706696632502 vc_row-has-fill pofo-stretch-content vc_row-no-padding vc_row-o-equal-height vc_row-o-content-bottom vc_row-flex pofo-row-responsive-69e3971dad9df\"><div class=\"wpb_column vc_column_container vc_col-sm-12 vc_col-lg-8 vc_col-md-6 col-xs-mobile-fullwidth\"><div class=\"vc_column-inner \"><div class=\"wpb_wrapper\">[vc_single_image image=\u00a0\u00bb1108&Prime; img_size=\u00a0\u00bbfull\u00a0\u00bb]<\/div><\/div><\/div><div class=\"wpb_column vc_column_container vc_col-sm-12 vc_col-lg-4 vc_col-md-6 col-xs-mobile-fullwidth pofo-column-responsive-69e3971dadb07\"><div class=\"vc_column-inner vc_custom_1700039191965\"><div class=\"wpb_wrapper\"><div class=\"last-paragraph-no-margin\" style=\"color: #ffffff;\"><h3><strong><span style=\"color: #ffffff;\">Contactez Arreche<\/span><\/strong><\/h3>\n<p style=\"color: white;\">Avec des d\u00e9cennies d&rsquo;exp\u00e9rience dans le secteur, nous sommes fiers d&rsquo;offrir des solutions de haute qualit\u00e9 soutenues par une \u00e9quipe d&rsquo;experts engag\u00e9s \u00e0 l&rsquo;excellence. Nous sommes l\u00e0 pour r\u00e9pondre \u00e0 tous vos besoins en mati\u00e8re d&rsquo;usinage de pr\u00e9cision. Si vous souhaitez nous contacter ou si vous avez des questions, n&rsquo;h\u00e9sitez pas \u00e0 utiliser notre formulaire de <a class=\"inner-link text-white\" style=\"font-weight: bold;\" href=\"#formulario\">contact ci-dessous<\/a>.<\/p>\n<\/div>[vc_empty_space height=\u00a0\u00bb52px\u00a0\u00bb]<\/div><\/div><\/div><\/section><div class=\"vc_row-full-width vc_clearfix\"><\/div><section data-vc-full-width=\"true\" data-vc-full-width-init=\"false\" class=\"vc_row wpb_row vc_row-fluid  vc_custom_1706695858046 vc_row-has-fill pofo-stretch-content pofo-stretch-row-container\"><div id=\"formulario\" class=\"wpb_column vc_column_container vc_col-sm-12 vc_col-lg-6 vc_col-md-6 col-xs-mobile-fullwidth\"><div class=\"vc_column-inner \"><div class=\"wpb_wrapper\">[vc_empty_space]\n<div class=\"wpcf7 no-js\" id=\"wpcf7-f1461-o1\" lang=\"fr-FR\" dir=\"ltr\" data-wpcf7-id=\"1461\">\n<div class=\"screen-reader-response\"><p role=\"status\" aria-live=\"polite\" aria-atomic=\"true\"><\/p> <ul><\/ul><\/div>\n<form action=\"\/fr\/wp-json\/wp\/v2\/pages\/1450#wpcf7-f1461-o1\" method=\"post\" class=\"wpcf7-form init\" aria-label=\"Formulaire de contact\" novalidate=\"novalidate\" data-status=\"init\">\n<fieldset class=\"hidden-fields-container\"><input type=\"hidden\" name=\"_wpcf7\" value=\"1461\" \/><input type=\"hidden\" name=\"_wpcf7_version\" value=\"6.1.5\" \/><input type=\"hidden\" name=\"_wpcf7_locale\" value=\"fr_FR\" \/><input type=\"hidden\" name=\"_wpcf7_unit_tag\" value=\"wpcf7-f1461-o1\" \/><input type=\"hidden\" name=\"_wpcf7_container_post\" value=\"0\" \/><input type=\"hidden\" name=\"_wpcf7_posted_data_hash\" value=\"\" \/>\n<\/fieldset>\n<p><label style=\"width:100%\"> Nom<br \/>\n<span class=\"wpcf7-form-control-wrap\" data-name=\"your-name\"><input size=\"40\" maxlength=\"400\" class=\"wpcf7-form-control wpcf7-text wpcf7-validates-as-required\" autocomplete=\"name\" aria-required=\"true\" aria-invalid=\"false\" value=\"\" type=\"text\" name=\"your-name\" \/><\/span> <\/label>\n<\/p>\n<p><label style=\"width:100%\"> Adresse e-mail<br \/>\n<span class=\"wpcf7-form-control-wrap\" data-name=\"your-email\"><input size=\"40\" maxlength=\"400\" class=\"wpcf7-form-control wpcf7-email wpcf7-validates-as-required wpcf7-text wpcf7-validates-as-email\" autocomplete=\"email\" aria-required=\"true\" aria-invalid=\"false\" value=\"\" type=\"email\" name=\"your-email\" \/><\/span> <\/label>\n<\/p>\n<p><label style=\"width:100%\"> S\u00e9lectionnez le service concern\u00e9<br \/>\n<span class=\"wpcf7-form-control-wrap\" data-name=\"your-recipient\"><select class=\"wpcf7-form-control wpcf7-select\" aria-invalid=\"false\" name=\"your-recipient\"><option value=\"ARRECHE Spain\">ARRECHE Spain<\/option><option value=\"ARRETXE Mexico\">ARRETXE Mexico<\/option><\/select><\/span><\/label>\n<\/p>\n<p><label style=\"width:100%\"> Objet<br \/>\n<span class=\"wpcf7-form-control-wrap\" data-name=\"your-subject\"><input size=\"40\" maxlength=\"400\" class=\"wpcf7-form-control wpcf7-text wpcf7-validates-as-required\" aria-required=\"true\" aria-invalid=\"false\" value=\"\" type=\"text\" name=\"your-subject\" \/><\/span> <\/label>\n<\/p>\n<p><label style=\"width:100%\"> Message (optionnel)<br \/>\n<span class=\"wpcf7-form-control-wrap\" data-name=\"your-message\"><textarea cols=\"40\" rows=\"10\" maxlength=\"2000\" class=\"wpcf7-form-control wpcf7-textarea\" aria-invalid=\"false\" name=\"your-message\"><\/textarea><\/span> <\/label>\n<\/p>\n<p><span class=\"wpcf7-form-control-wrap\" data-name=\"checkbox-169\"><span class=\"wpcf7-form-control wpcf7-checkbox wpcf7-validates-as-required\"><span class=\"wpcf7-list-item first last\"><label><input type=\"checkbox\" name=\"checkbox-169[]\" value=\"J&#039;ai lu et j&#039;accepte la politique de confidentialit\u00e9 et les conditions d&#039;utilisation d\u2019arreche.es. En cochant cette case, j&#039;autorise l&#039;utilisation de mes donn\u00e9es personnelles pour traiter et r\u00e9pondre \u00e0 ma demande de contact.\" \/><span class=\"wpcf7-list-item-label\">J&#039;ai lu et j&#039;accepte la politique de confidentialit\u00e9 et les conditions d&#039;utilisation d\u2019arreche.es. En cochant cette case, j&#039;autorise l&#039;utilisation de mes donn\u00e9es personnelles pour traiter et r\u00e9pondre \u00e0 ma demande de contact.<\/span><\/label><\/span><\/span><\/span>\n<\/p>\n<p><input class=\"wpcf7-form-control wpcf7-submit has-spinner\" type=\"submit\" value=\"Envoyer\" \/>\n<\/p>\n<p class=\"text-white\">Responsable des donn\u00e9es : Talleres Arreche, S.A. - Objectif : r\u00e9pondre \u00e0 votre demande de contact - L\u00e9gitimation : votre consentement -Droits : acc\u00e9der, rectifier, limiter et supprimer vos donn\u00e9es, ainsi que d'autres droits d\u00e9taill\u00e9s dans notre politique de confidentialit\u00e9.\n<\/p><div class=\"wpcf7-response-output\" aria-hidden=\"true\"><\/div>\n<\/form>\n<\/div>\n<\/div><\/div><\/div><div class=\"wpb_column vc_column_container vc_col-sm-6  col-xs-mobile-fullwidth\"><div class=\"vc_column-inner \"><div class=\"wpb_wrapper\"><\/div><\/div><\/div><\/section><div class=\"vc_row-full-width vc_clearfix\"><\/div><section data-vc-full-width=\"true\" data-vc-full-width-init=\"false\" data-vc-stretch-content=\"true\" class=\"vc_row wpb_row vc_row-fluid  vc_custom_1698404691419 vc_row-has-fill pofo-stretch-content vc_row-no-padding vc_row-o-equal-height vc_row-o-content-bottom vc_row-flex\"><div class=\"wpb_column vc_column_container vc_col-sm-4 vc_col-lg-4 vc_col-md-4 col-xs-mobile-fullwidth pofo-column-responsive-69e3971daee58\"><div class=\"vc_column-inner vc_custom_1712826167928\"><div class=\"wpb_wrapper\"><div class=\"last-paragraph-no-margin\" style=\"color: #ffffff;\"><p><a class=\"botoia zuri\" style=\"margin: auto; text-align: center; margin-top: 50px; display: block; white-space: normal; width: 300px;\" href=\"https:\/\/arreche.es\/wp-content\/uploads\/2023\/11\/POLITICA-DE-CALIDAD-Y-MEDIO-AMBIENTE-03.03.2023.pdf\" target=\"_blank\" rel=\"noopener\">Politique de qualit\u00e9 et environnement<\/a><\/p>\n<div id=\"gtx-trans\" style=\"position: absolute; left: 37px; top: 146px;\">\n<div class=\"gtx-trans-icon\"><\/div>\n<\/div>\n<\/div><\/div><\/div><\/div><div class=\"wpb_column vc_column_container vc_col-sm-4  col-xs-mobile-fullwidth\"><div class=\"vc_column-inner \"><div class=\"wpb_wrapper\"><div class=\"last-paragraph-no-margin\" style=\"color: #ffffff;\"><p><a class=\"botoia zuri\" style=\"margin: auto; text-align: center; margin-top: 50px; display: block; white-space: normal; width: 300px;\" href=\"https:\/\/arreche.es\/wp-content\/uploads\/2024\/10\/PROYECTOS.pdf\" target=\"_blank\" rel=\"noopener\">Projets<\/a><\/p>\n<\/div><\/div><\/div><\/div><div class=\"wpb_column vc_column_container vc_col-sm-4  col-xs-mobile-fullwidth\"><div class=\"vc_column-inner \"><div class=\"wpb_wrapper\">[vc_raw_html]PGEgaHJlZj0iaHR0cHM6Ly9hcnJlY2hlLmVzL3dwLWNvbnRlbnQvdXBsb2Fkcy8yMDI0LzA0L0lTTy0xNDAwMV8yMDE1LTAxLTAxLTIwMjYtMS5wZGYiIGRvd25sb2FkPSIiPjxpbWcgd2lkdGg9IjEyMHB4IiBzcmM9Imh0dHBzOi8vYXJyZWNoZS5lcy93cC1jb250ZW50L3VwbG9hZHMvMjAyNC8wNC9jZXJ0LTEucG5nIiBhbHQ9ImNlcnRpZmljYWRvcyBJU08gQVJSRUNIRSI+PC9hPjxhIGhyZWY9Imh0dHBzOi8vYXJyZWNoZS5lcy93cC1jb250ZW50L3VwbG9hZHMvMjAyNC8wNC8wMDAxNjAwNi1RTVMtU1BBRVMtVUtBUy0xLnBkZiIgZG93bmxvYWQ9IiI+PGltZyB3aWR0aD0iMTIwcHgiIHNyYz0iaHR0cHM6Ly9hcnJlY2hlLmVzL3dwLWNvbnRlbnQvdXBsb2Fkcy8yMDI0LzA0L2NlcnQtMi5wbmciIGFsdD0iY2VydGlmaWNhZG9zIElTTyBBUlJFQ0hFIj48L2E+PGEgaHJlZj0iaHR0cHM6Ly9hcnJlY2hlLmVzL3dwLWNvbnRlbnQvdXBsb2Fkcy8yMDI0LzA0LzAwMDE2MDA1LTAwMS0xNjk0OS1TUEFFUy1JQVRGLnBkZiIgZG93bmxvYWQ9IiI+PGltZyB3aWR0aD0iMTIwcHgiIHNyYz0iaHR0cHM6Ly9hcnJlY2hlLmVzL3dwLWNvbnRlbnQvdXBsb2Fkcy8yMDI0LzA0L2NlcnQtMy5wbmciIGFsdD0iY2VydGlmaWNhZG9zIElTTyBBUlJFQ0hFIj48L2E+[\/vc_raw_html]<\/div><\/div><\/div><\/section><div class=\"vc_row-full-width vc_clearfix\"><\/div>\n<\/div>","protected":false},"excerpt":{"rendered":"[vc_single_image image=\"1108\" img_size=\"full\"]Contactez Arreche Avec des d\u00e9cennies d'exp\u00e9rience dans le secteur, nous sommes fiers d'offrir des solutions de haute qualit\u00e9 soutenues par une \u00e9quipe d'experts engag\u00e9s \u00e0 l'excellence. Nous sommes l\u00e0 pour r\u00e9pondre \u00e0 tous vos besoins en mati\u00e8re d'usinage de pr\u00e9cision. Si vous souhaitez nous contacter ou si vous avez des questions, n'h\u00e9sitez pas \u00e0 utiliser notre formulaire de contact ci-dessous. [vc_empty_space height=\"52px\"][vc_empty_space] Nom Adresse e-mail S\u00e9lectionnez le service concern\u00e9 ARRECHE SpainARRETXE Mexico Objet Message (optionnel) J&#039;ai lu et j&#039;accepte la politique de confidentialit\u00e9 et les conditions d&#039;utilisation d\u2019arreche.es. En cochant cette case, j&#039;autorise l&#039;utilisation de mes donn\u00e9es personnelles pour traiter et r\u00e9pondre \u00e0 ma demande de contact. Responsable des donn\u00e9es : Talleres Arreche, S.A. - Objectif : r\u00e9pondre \u00e0 votre demande de contact - L\u00e9gitimation : votre consentement -Droits : acc\u00e9der, rectifier, limiter et supprimer vos donn\u00e9es, ainsi que d'autres droits d\u00e9taill\u00e9s dans notre politique de confidentialit\u00e9. Politique de qualit\u00e9 et environnement Projets [vc_raw_html]PGEgaHJlZj0iaHR0cHM6Ly9hcnJlY2hlLmVzL3dwLWNvbnRlbnQvdXBsb2Fkcy8yMDI0LzA0L0lTTy0xNDAwMV8yMDE1LTAxLTAxLTIwMjYtMS5wZGYiIGRvd25sb2FkPSIiPjxpbWcgd2lkdGg9IjEyMHB4IiBzcmM9Imh0dHBzOi8vYXJyZWNoZS5lcy93cC1jb250ZW50L3VwbG9hZHMvMjAyNC8wNC9jZXJ0LTEucG5nIiBhbHQ9ImNlcnRpZmljYWRvcyBJU08gQVJSRUNIRSI+PC9hPjxhIGhyZWY9Imh0dHBzOi8vYXJyZWNoZS5lcy93cC1jb250ZW50L3VwbG9hZHMvMjAyNC8wNC8wMDAxNjAwNi1RTVMtU1BBRVMtVUtBUy0xLnBkZiIgZG93bmxvYWQ9IiI+PGltZyB3aWR0aD0iMTIwcHgiIHNyYz0iaHR0cHM6Ly9hcnJlY2hlLmVzL3dwLWNvbnRlbnQvdXBsb2Fkcy8yMDI0LzA0L2NlcnQtMi5wbmciIGFsdD0iY2VydGlmaWNhZG9zIElTTyBBUlJFQ0hFIj48L2E+PGEgaHJlZj0iaHR0cHM6Ly9hcnJlY2hlLmVzL3dwLWNvbnRlbnQvdXBsb2Fkcy8yMDI0LzA0LzAwMDE2MDA1LTAwMS0xNjk0OS1TUEFFUy1JQVRGLnBkZiIgZG93bmxvYWQ9IiI+PGltZyB3aWR0aD0iMTIwcHgiIHNyYz0iaHR0cHM6Ly9hcnJlY2hlLmVzL3dwLWNvbnRlbnQvdXBsb2Fkcy8yMDI0LzA0L2NlcnQtMy5wbmciIGFsdD0iY2VydGlmaWNhZG9zIElTTyBBUlJFQ0hFIj48L2E+[\/vc_raw_html]","protected":false},"author":1,"featured_media":0,"parent":0,"menu_order":0,"comment_status":"closed","ping_status":"closed","template":"","meta":{"footnotes":""},"class_list":["post-1450","page","type-page","status-publish","hentry"],"yoast_head":"<!-- This site is optimized with the Yoast SEO plugin v27.1 - https:\/\/yoast.com\/product\/yoast-seo-wordpress\/ -->\n<title>Contact | ARRECHE Decoletaje<\/title>\n<meta name=\"description\" content=\"Ponte en contacto con ARRECHE: decoletaje de piezas de precisi\u00f3n en Tolosa (Gipuzkoa).\" \/>\n<meta name=\"robots\" content=\"index, follow, max-snippet:-1, max-image-preview:large, max-video-preview:-1\" \/>\n<link rel=\"canonical\" href=\"https:\/\/arreche.es\/fr\/contact\/\" \/>\n<meta property=\"og:locale\" content=\"fr_FR\" \/>\n<meta property=\"og:type\" content=\"article\" \/>\n<meta property=\"og:title\" content=\"Contact | ARRECHE Decoletaje\" \/>\n<meta property=\"og:description\" content=\"Ponte en contacto con ARRECHE: decoletaje de piezas de precisi\u00f3n en Tolosa (Gipuzkoa).\" \/>\n<meta property=\"og:url\" content=\"https:\/\/arreche.es\/fr\/contact\/\" \/>\n<meta property=\"og:site_name\" content=\"ARRECHE Decoletaje\" \/>\n<meta property=\"article:modified_time\" content=\"2024-10-23T12:22:20+00:00\" \/>\n<meta name=\"twitter:card\" content=\"summary_large_image\" \/>\n<meta name=\"twitter:label1\" content=\"Dur\u00e9e de lecture estim\u00e9e\" \/>\n\t<meta name=\"twitter:data1\" content=\"1 minute\" \/>\n<script type=\"application\/ld+json\" class=\"yoast-schema-graph\">{\"@context\":\"https:\/\/schema.org\",\"@graph\":[{\"@type\":\"WebPage\",\"@id\":\"https:\/\/arreche.es\/fr\/contact\/\",\"url\":\"https:\/\/arreche.es\/fr\/contact\/\",\"name\":\"Contact | ARRECHE Decoletaje\",\"isPartOf\":{\"@id\":\"https:\/\/arreche.es\/#website\"},\"datePublished\":\"2023-07-21T09:46:53+00:00\",\"dateModified\":\"2024-10-23T12:22:20+00:00\",\"description\":\"Ponte en contacto con ARRECHE: decoletaje de piezas de precisi\u00f3n en Tolosa (Gipuzkoa).\",\"breadcrumb\":{\"@id\":\"https:\/\/arreche.es\/fr\/contact\/#breadcrumb\"},\"inLanguage\":\"fr-FR\",\"potentialAction\":[{\"@type\":\"ReadAction\",\"target\":[\"https:\/\/arreche.es\/fr\/contact\/\"]}]},{\"@type\":\"BreadcrumbList\",\"@id\":\"https:\/\/arreche.es\/fr\/contact\/#breadcrumb\",\"itemListElement\":[{\"@type\":\"ListItem\",\"position\":1,\"name\":\"Portada\",\"item\":\"https:\/\/arreche.es\/fr\/home\/\"},{\"@type\":\"ListItem\",\"position\":2,\"name\":\"Contact\"}]},{\"@type\":\"WebSite\",\"@id\":\"https:\/\/arreche.es\/#website\",\"url\":\"https:\/\/arreche.es\/\",\"name\":\"ARRECHE Decoletaje\",\"description\":\"\",\"publisher\":{\"@id\":\"https:\/\/arreche.es\/#organization\"},\"potentialAction\":[{\"@type\":\"SearchAction\",\"target\":{\"@type\":\"EntryPoint\",\"urlTemplate\":\"https:\/\/arreche.es\/?s={search_term_string}\"},\"query-input\":{\"@type\":\"PropertyValueSpecification\",\"valueRequired\":true,\"valueName\":\"search_term_string\"}}],\"inLanguage\":\"fr-FR\"},{\"@type\":\"Organization\",\"@id\":\"https:\/\/arreche.es\/#organization\",\"name\":\"ARRECHE Decoletaje\",\"url\":\"https:\/\/arreche.es\/\",\"logo\":{\"@type\":\"ImageObject\",\"inLanguage\":\"fr-FR\",\"@id\":\"https:\/\/arreche.es\/#\/schema\/logo\/image\/\",\"url\":\"https:\/\/arreche.es\/wp-content\/uploads\/2023\/07\/logo-arreche.png\",\"contentUrl\":\"https:\/\/arreche.es\/wp-content\/uploads\/2023\/07\/logo-arreche.png\",\"width\":1000,\"height\":220,\"caption\":\"ARRECHE Decoletaje\"},\"image\":{\"@id\":\"https:\/\/arreche.es\/#\/schema\/logo\/image\/\"}}]}<\/script>\n<!-- \/ Yoast SEO plugin. -->","yoast_head_json":{"title":"Contact | ARRECHE Decoletaje","description":"Ponte en contacto con ARRECHE: decoletaje de piezas de precisi\u00f3n en Tolosa (Gipuzkoa).","robots":{"index":"index","follow":"follow","max-snippet":"max-snippet:-1","max-image-preview":"max-image-preview:large","max-video-preview":"max-video-preview:-1"},"canonical":"https:\/\/arreche.es\/fr\/contact\/","og_locale":"fr_FR","og_type":"article","og_title":"Contact | ARRECHE Decoletaje","og_description":"Ponte en contacto con ARRECHE: decoletaje de piezas de precisi\u00f3n en Tolosa (Gipuzkoa).","og_url":"https:\/\/arreche.es\/fr\/contact\/","og_site_name":"ARRECHE Decoletaje","article_modified_time":"2024-10-23T12:22:20+00:00","twitter_card":"summary_large_image","twitter_misc":{"Dur\u00e9e de lecture estim\u00e9e":"1 minute"},"schema":{"@context":"https:\/\/schema.org","@graph":[{"@type":"WebPage","@id":"https:\/\/arreche.es\/fr\/contact\/","url":"https:\/\/arreche.es\/fr\/contact\/","name":"Contact | ARRECHE Decoletaje","isPartOf":{"@id":"https:\/\/arreche.es\/#website"},"datePublished":"2023-07-21T09:46:53+00:00","dateModified":"2024-10-23T12:22:20+00:00","description":"Ponte en contacto con ARRECHE: decoletaje de piezas de precisi\u00f3n en Tolosa (Gipuzkoa).","breadcrumb":{"@id":"https:\/\/arreche.es\/fr\/contact\/#breadcrumb"},"inLanguage":"fr-FR","potentialAction":[{"@type":"ReadAction","target":["https:\/\/arreche.es\/fr\/contact\/"]}]},{"@type":"BreadcrumbList","@id":"https:\/\/arreche.es\/fr\/contact\/#breadcrumb","itemListElement":[{"@type":"ListItem","position":1,"name":"Portada","item":"https:\/\/arreche.es\/fr\/home\/"},{"@type":"ListItem","position":2,"name":"Contact"}]},{"@type":"WebSite","@id":"https:\/\/arreche.es\/#website","url":"https:\/\/arreche.es\/","name":"ARRECHE Decoletaje","description":"","publisher":{"@id":"https:\/\/arreche.es\/#organization"},"potentialAction":[{"@type":"SearchAction","target":{"@type":"EntryPoint","urlTemplate":"https:\/\/arreche.es\/?s={search_term_string}"},"query-input":{"@type":"PropertyValueSpecification","valueRequired":true,"valueName":"search_term_string"}}],"inLanguage":"fr-FR"},{"@type":"Organization","@id":"https:\/\/arreche.es\/#organization","name":"ARRECHE Decoletaje","url":"https:\/\/arreche.es\/","logo":{"@type":"ImageObject","inLanguage":"fr-FR","@id":"https:\/\/arreche.es\/#\/schema\/logo\/image\/","url":"https:\/\/arreche.es\/wp-content\/uploads\/2023\/07\/logo-arreche.png","contentUrl":"https:\/\/arreche.es\/wp-content\/uploads\/2023\/07\/logo-arreche.png","width":1000,"height":220,"caption":"ARRECHE Decoletaje"},"image":{"@id":"https:\/\/arreche.es\/#\/schema\/logo\/image\/"}}]}},"_links":{"self":[{"href":"https:\/\/arreche.es\/fr\/wp-json\/wp\/v2\/pages\/1450","targetHints":{"allow":["GET"]}}],"collection":[{"href":"https:\/\/arreche.es\/fr\/wp-json\/wp\/v2\/pages"}],"about":[{"href":"https:\/\/arreche.es\/fr\/wp-json\/wp\/v2\/types\/page"}],"author":[{"embeddable":true,"href":"https:\/\/arreche.es\/fr\/wp-json\/wp\/v2\/users\/1"}],"replies":[{"embeddable":true,"href":"https:\/\/arreche.es\/fr\/wp-json\/wp\/v2\/comments?post=1450"}],"version-history":[{"count":4,"href":"https:\/\/arreche.es\/fr\/wp-json\/wp\/v2\/pages\/1450\/revisions"}],"predecessor-version":[{"id":1544,"href":"https:\/\/arreche.es\/fr\/wp-json\/wp\/v2\/pages\/1450\/revisions\/1544"}],"wp:attachment":[{"href":"https:\/\/arreche.es\/fr\/wp-json\/wp\/v2\/media?parent=1450"}],"curies":[{"name":"wp","href":"https:\/\/api.w.org\/{rel}","templated":true}]}}