{"id":1433,"date":"2023-05-22T06:41:38","date_gmt":"2023-05-22T06:41:38","guid":{"rendered":"https:\/\/arreche.es\/sobre-nosotros\/"},"modified":"2024-04-19T11:38:52","modified_gmt":"2024-04-19T11:38:52","slug":"a-propos-de-nous","status":"publish","type":"page","link":"https:\/\/arreche.es\/fr\/a-propos-de-nous\/","title":{"rendered":"\u00c0 propos de nous"},"content":{"rendered":"<div class=\"wpb-content-wrapper\"><section data-vc-full-width=\"true\" data-vc-full-width-init=\"false\" data-vc-stretch-content=\"true\" class=\"vc_row wpb_row vc_row-fluid  vc_custom_1710937741301 pofo-stretch-content vc_row-o-full-height vc_row-o-columns-middle vc_row-o-equal-height vc_row-o-content-middle vc_row-flex pofo-row-responsive-69e382304843d\"><div class=\"wpb_column vc_column_container vc_col-sm-12 vc_col-lg-6 vc_col-md-6 col-xs-mobile-fullwidth pofo-column-responsive-69e3823048537\"><div class=\"vc_column-inner vc_custom_1698743346699\"><div class=\"wpb_wrapper\"><div class=\"last-paragraph-no-margin\"><h3><span style=\"font-weight: 400;\">ARRECHE est une entreprise sp\u00e9cialis\u00e9e dans le d\u00e9colletage de pi\u00e8ces de pr\u00e9cision, fond\u00e9e il y a <\/span> <b>plus de 75 ans<\/b><span style=\"font-weight: 400;\">. <\/span><\/h3>\n<p>Nous sommes situ\u00e9s \u00e0 Tolosa, au Pays Basque, au Nord de l&rsquo;Espagne.<\/p>\n<\/div><\/div><\/div><\/div><div class=\"wpb_column vc_column_container vc_col-has-fill vc_col-sm-12 vc_col-lg-6 vc_col-md-6 col-xs-mobile-fullwidth pofo-column-responsive-69e38230486a0\"><div class=\"vc_column-inner vc_custom_1698743225374\"><div class=\"wpb_wrapper\"><\/div><\/div><\/div><\/section><div class=\"vc_row-full-width vc_clearfix\"><\/div><section data-vc-full-width=\"true\" data-vc-full-width-init=\"false\" data-vc-stretch-content=\"true\" class=\"vc_row wpb_row vc_row-fluid  vc_custom_1710937506540 pofo-stretch-content vc_row-o-equal-height vc_row-o-content-middle vc_row-flex pofo-row-responsive-69e3823048739\"><div class=\"wpb_column vc_column_container vc_col-sm-4 vc_col-xs-12 pofo-column-responsive-69e38230487c7\"><div class=\"vc_column-inner \"><div class=\"wpb_wrapper\">[vc_single_image image=\u00a0\u00bb1123&Prime; img_size=\u00a0\u00bbfull\u00a0\u00bb]<\/div><\/div><\/div><div class=\"wpb_column vc_column_container vc_col-sm-4  col-xs-mobile-fullwidth pofo-column-responsive-69e3823048845\"><div class=\"vc_column-inner \"><div class=\"wpb_wrapper\"><div class=\"last-paragraph-no-margin\"><h6><strong>ARRETXE Mexico<\/strong><\/h6>\n<p><span style=\"font-weight: 400;\">En 2010, nous avons d\u00e9cid\u00e9 de franchir une nouvelle \u00e9tape avec l&rsquo;ouverture d&rsquo;Arretxe Mexico. Situ\u00e9s \u00e0 Queretaro, nous nous sommes consolid\u00e9s en tant que fournisseur de qualit\u00e9 et de garanties de l&rsquo;autre c\u00f4t\u00e9 de l&rsquo;oc\u00e9an, fournissant des pi\u00e8ces \u00e0 nos clients au Mexique et aux \u00c9tats-Unis.<\/span><\/p>\n<\/div><\/div><\/div><\/div><div class=\"wpb_column vc_column_container vc_col-sm-4  col-xs-mobile-fullwidth\"><div class=\"vc_column-inner \"><div class=\"wpb_wrapper\"><\/div><\/div><\/div><\/section><div class=\"vc_row-full-width vc_clearfix\"><\/div><section class=\"vc_row wpb_row vc_row-fluid  vc_custom_1689931646251\"><div class=\"wpb_column vc_column_container vc_col-sm-8  col-xs-mobile-fullwidth\"><div class=\"vc_column-inner \"><div class=\"wpb_wrapper\"><div class=\"last-paragraph-no-margin\" style=\"color: #5c72b2;\"><h3>ARRECHE LEADER DANS LE D\u00c9COLLETAGE DE PR\u00c9CISION DEPUIS 1948<\/h3>\n<\/div><\/div><\/div><\/div><div class=\"wpb_column vc_column_container vc_col-sm-4  col-xs-mobile-fullwidth\"><div class=\"vc_column-inner \"><div class=\"wpb_wrapper\"><\/div><\/div><\/div><\/section><section data-vc-full-width=\"true\" data-vc-full-width-init=\"false\" data-vc-stretch-content=\"true\" class=\"vc_row wpb_row vc_row-fluid  vc_custom_1699607526649 pofo-stretch-content vc_row-o-equal-height vc_row-o-content-middle vc_row-flex\"><div class=\"wpb_column vc_column_container vc_col-has-fill vc_col-sm-12 vc_col-lg-6 vc_col-md-6 col-xs-mobile-fullwidth\"><div class=\"vc_column-inner vc_custom_1698744349246\"><div class=\"wpb_wrapper\"><div class=\"last-paragraph-no-margin\"><p><strong>1948 : FONDATION D&rsquo;ARRECHE<\/strong><\/p>\n<p><span style=\"font-weight: 400;\"> \u00c0 nos d\u00e9buts, nous nous sommes consacr\u00e9s \u00e0 la conception et \u00e0 la fabrication de petites machines pour le secteur sid\u00e9rom\u00e9tallurgique. Ce n&rsquo;est qu&rsquo;\u00e0 la fin des ann\u00e9es 50 que nous avons acquis notre premier tour de d\u00e9colletage, marquant ainsi un jalon important dans notre parcours et posant les fondations de notre sp\u00e9cialisation et de notre croissance dans l&rsquo;industrie.<\/span> <\/p>\n<\/div><\/div><\/div><\/div><div class=\"wpb_column vc_column_container vc_col-has-fill vc_col-sm-12 vc_col-lg-6 vc_col-md-6 col-xs-mobile-fullwidth\"><div class=\"vc_column-inner vc_custom_1699608083826\"><div class=\"wpb_wrapper\"><\/div><\/div><\/div><\/section><div class=\"vc_row-full-width vc_clearfix\"><\/div><section data-vc-full-width=\"true\" data-vc-full-width-init=\"false\" data-vc-stretch-content=\"true\" class=\"vc_row wpb_row vc_row-fluid  vc_custom_1699607532145 pofo-stretch-content vc_row-o-equal-height vc_row-o-content-middle vc_row-flex\"><div class=\"wpb_column vc_column_container vc_col-has-fill alineabottom vc_col-sm-12 vc_col-lg-6 vc_col-md-6 col-xs-mobile-fullwidth\"><div class=\"vc_column-inner vc_custom_1699877292018\"><div class=\"wpb_wrapper\"><\/div><\/div><\/div><div class=\"wpb_column vc_column_container vc_col-has-fill vc_col-sm-12 vc_col-lg-6 vc_col-md-6 col-xs-mobile-fullwidth\"><div class=\"vc_column-inner vc_custom_1698744349246\"><div class=\"wpb_wrapper\"><div class=\"last-paragraph-no-margin\"><p><strong>1960 : VENTE DE CARBURATEURS AMAL<\/strong><\/p>\n<p><span style=\"font-weight: 400;\">Au cours de cette d\u00e9cennie, nous avons obtenu la licence pour la production et la vente des carburateurs AMAL. Cette entreprise britannique \u00e9tait leader mondial dans la commercialisation de carburateurs et d&rsquo;accessoires pour motocyclettes dans les ann\u00e9es 60. Nos \u00ab carburateurs Arreche \u00bb ont \u00e9t\u00e9 fabriqu\u00e9s et commercialis\u00e9s pendant plus de 50 ans.<\/span><\/p>\n<\/div><\/div><\/div><\/div><\/section><div class=\"vc_row-full-width vc_clearfix\"><\/div><section data-vc-full-width=\"true\" data-vc-full-width-init=\"false\" data-vc-stretch-content=\"true\" class=\"vc_row wpb_row vc_row-fluid  vc_custom_1699607536850 pofo-stretch-content vc_row-o-equal-height vc_row-o-content-middle vc_row-flex\"><div class=\"wpb_column vc_column_container vc_col-has-fill vc_col-sm-12 vc_col-lg-6 vc_col-md-6 col-xs-mobile-fullwidth\"><div class=\"vc_column-inner vc_custom_1698744349246\"><div class=\"wpb_wrapper\"><div class=\"last-paragraph-no-margin\"><p><strong>1970 : LE D\u00c9PART DANS LE D\u00c9COLLETAGE<\/strong><\/p>\n<p><span style=\"font-weight: 400;\">Suite \u00e0 l&rsquo;augmentation significative de la production de carburateurs et \u00e9tant donn\u00e9 que ceux-ci avaient besoin de nombreuses pi\u00e8ces d\u00e9collet\u00e9es de petites dimensions, nous avons acquis de nombreux tours \u00e0 poup\u00e9e mobile et le premier tour multibroche m\u00e9canique. En plus, nous avons d\u00e9m\u00e9nag\u00e9 dans un nouveau pavillon, am\u00e9liorant ainsi notre capacit\u00e9 de production et optimisant nos op\u00e9rations.<\/span> <\/p>\n<\/div><\/div><\/div><\/div><div class=\"wpb_column vc_column_container vc_col-has-fill vc_col-sm-12 vc_col-lg-6 vc_col-md-6 col-xs-mobile-fullwidth\"><div class=\"vc_column-inner vc_custom_1699875627577\"><div class=\"wpb_wrapper\"><\/div><\/div><\/div><\/section><div class=\"vc_row-full-width vc_clearfix\"><\/div><section data-vc-full-width=\"true\" data-vc-full-width-init=\"false\" data-vc-stretch-content=\"true\" class=\"vc_row wpb_row vc_row-fluid  vc_custom_1699607541501 pofo-stretch-content vc_row-o-equal-height vc_row-o-content-middle vc_row-flex\"><div class=\"wpb_column vc_column_container vc_col-has-fill vc_col-sm-12 vc_col-lg-6 vc_col-md-6 col-xs-mobile-fullwidth\"><div class=\"vc_column-inner vc_custom_1699875602442\"><div class=\"wpb_wrapper\"><\/div><\/div><\/div><div class=\"wpb_column vc_column_container vc_col-has-fill vc_col-sm-12 vc_col-lg-6 vc_col-md-6 col-xs-mobile-fullwidth\"><div class=\"vc_column-inner vc_custom_1698744349246\"><div class=\"wpb_wrapper\"><div class=\"last-paragraph-no-margin\"><p><strong>1985 : DIVERSIFICATION ET CROISSANCE<\/strong><\/p>\n<p><span style=\"font-weight: 400;\">Nous avons commenc\u00e9 \u00e0 fabriquer des pi\u00e8ces d\u00e9collet\u00e9es pour des clients externes nationaux et internationaux, \u00e9largissant ainsi le portefeuille de clients et sa port\u00e9e. Avec une technologie de pointe et un personnel qualifi\u00e9, nous sommes r\u00e9put\u00e9s pour la pr\u00e9cision et la qualit\u00e9 dans la fabrication de pi\u00e8ces personnalis\u00e9es. Il s&rsquo;agissait d&rsquo;une d\u00e9cision strat\u00e9gique qui a diversifi\u00e9 nos activit\u00e9s et stimul\u00e9 notre croissance.<\/span><\/p>\n<\/div><\/div><\/div><\/div><\/section><div class=\"vc_row-full-width vc_clearfix\"><\/div><section data-vc-full-width=\"true\" data-vc-full-width-init=\"false\" data-vc-stretch-content=\"true\" class=\"vc_row wpb_row vc_row-fluid  vc_custom_1699607545899 pofo-stretch-content vc_row-o-equal-height vc_row-o-content-middle vc_row-flex\"><div class=\"wpb_column vc_column_container vc_col-has-fill vc_col-sm-12 vc_col-lg-6 vc_col-md-6 col-xs-mobile-fullwidth\"><div class=\"vc_column-inner vc_custom_1698744349246\"><div class=\"wpb_wrapper\"><div class=\"last-paragraph-no-margin\" style=\"color: #ffffff;\"><p><strong>2015 : ARRETXE MEXICO ET PREMIERS PAS DANS NER<\/strong><\/p>\n<p><span style=\"font-weight: 400;\">Nous avons cr\u00e9\u00e9 la filiale<\/span> <b>ARRETXE MEXICO<\/b><span style=\"font-weight: 400;\">, leader dans l\u2019approvisionnement de pi\u00e8ces de d\u00e9colletage principalement pour le secteur automobile au Mexique et aux \u00c9tats-Unis. En plus, le nouveau mod\u00e8le de gestion NER \u00ab<\/span><b>N<\/b><span style=\"font-weight: 400;\">ouveau<\/span> <b> S<\/b><span style=\"font-weight: 400;\">tyle de<\/span> <b> R<\/b><span style=\"font-weight: 400;\">elations \u00bb a \u00e9t\u00e9 mis en place. Ce changement organisationnel, associ\u00e9 aux progr\u00e8s technologiques, nous a permis de nous sp\u00e9cialiser dans des projets de mat\u00e9riaux et de g\u00e9om\u00e9tries de plus en plus complexes.<\/span><\/p>\n<\/div><\/div><\/div><\/div><div class=\"wpb_column vc_column_container vc_col-has-fill vc_col-sm-12 vc_col-lg-6 vc_col-md-6 col-xs-mobile-fullwidth\"><div class=\"vc_column-inner vc_custom_1699961372828\"><div class=\"wpb_wrapper\"><\/div><\/div><\/div><\/section><div class=\"vc_row-full-width vc_clearfix\"><\/div><section data-vc-full-width=\"true\" data-vc-full-width-init=\"false\" data-vc-stretch-content=\"true\" class=\"vc_row wpb_row vc_row-fluid  vc_custom_1699607551367 pofo-stretch-content vc_row-o-equal-height vc_row-o-content-middle vc_row-flex\"><div class=\"wpb_column vc_column_container vc_col-has-fill vc_col-sm-12 vc_col-lg-6 vc_col-md-6 col-xs-mobile-fullwidth\"><div class=\"vc_column-inner vc_custom_1698745692968\"><div class=\"wpb_wrapper\"><\/div><\/div><\/div><div class=\"wpb_column vc_column_container vc_col-has-fill vc_col-sm-12 vc_col-lg-6 vc_col-md-6 col-xs-mobile-fullwidth\"><div class=\"vc_column-inner vc_custom_1698744349246\"><div class=\"wpb_wrapper\"><div class=\"last-paragraph-no-margin\"><p><strong>2023 : CONSOLIDATION INTERNATIONALE<\/strong><\/p>\n<p><span style=\"font-weight: 400;\">Le mod\u00e8le NER a optimis\u00e9 des op\u00e9rations et nous a consolid\u00e9s sur le march\u00e9 international. L&rsquo;investissement continu dans la technologie et l&rsquo;engagement de notre personnel garantissent l&rsquo;excellence de nos produits et un avenir prometteur. <\/span><\/p>\n<\/div><\/div><\/div><\/div><\/section><div class=\"vc_row-full-width vc_clearfix\"><\/div><section data-vc-full-width=\"true\" data-vc-full-width-init=\"false\" data-vc-stretch-content=\"true\" class=\"vc_row wpb_row vc_row-fluid   pofo-stretch-content\"><div class=\"wpb_column vc_column_container vc_col-sm-3  col-xs-mobile-fullwidth\"><div class=\"vc_column-inner \"><div class=\"wpb_wrapper\"><\/div><\/div><\/div><div class=\"wpb_column vc_column_container vc_col-sm-6  col-xs-mobile-fullwidth\"><div class=\"vc_column-inner \"><div class=\"wpb_wrapper\"><div class=\"last-paragraph-no-margin\"><h4><span style=\"font-weight: 400;\">Engag\u00e9s dans <strong>l&rsquo;innovation<\/strong>, ARRECHE se distingue par la diversification de la <strong>fabrication sp\u00e9cialis\u00e9e<\/strong>.<\/span><\/h4>\n<\/div><\/div><\/div><\/div><div class=\"wpb_column vc_column_container vc_col-sm-3  col-xs-mobile-fullwidth\"><div class=\"vc_column-inner \"><div class=\"wpb_wrapper\"><\/div><\/div><\/div><\/section><div class=\"vc_row-full-width vc_clearfix\"><\/div><section data-vc-full-width=\"true\" data-vc-full-width-init=\"false\" data-vc-stretch-content=\"true\" class=\"vc_row wpb_row vc_row-fluid  vc_custom_1698742419413 vc_row-has-fill pofo-stretch-content vc_row-no-padding\"><div class=\"wpb_column vc_column_container vc_col-sm-12  col-xs-mobile-fullwidth pofo-column-responsive-69e38230494e6\"><div class=\"vc_column-inner vc_custom_1698744878463\"><div class=\"wpb_wrapper\">[vc_empty_space]<div class=\"last-paragraph-no-margin\" style=\"color: #ffffff;\"><h3 style=\"text-align: center;\">Nous travaillons pour nous <strong>adapter<\/strong><br \/>\net r\u00e9pondre aux <strong>besoins<\/strong><br \/>\n<strong>changeants<\/strong> de diverses industries<span style=\"font-size: 16px;\">.<\/span><\/h3>\n<\/div>[vc_empty_space]<div class=\"last-paragraph-no-margin\" style=\"color: #ffffff;\"><div style=\"text-align: center;\"><a class=\"botoia zuri botoi-luzea\" href=\"https:\/\/arreche.es\/sectores\/\">Secteurs avec lesquels nous travaillons<\/a><\/div>\n<\/div>[vc_empty_space]<\/div><\/div><\/div><\/section><div class=\"vc_row-full-width vc_clearfix\"><\/div><section data-vc-full-width=\"true\" data-vc-full-width-init=\"false\" data-vc-stretch-content=\"true\" class=\"vc_row wpb_row vc_row-fluid  vc_custom_1698677192209 pofo-stretch-content vc_row-no-padding\"><div class=\"wpb_column vc_column_container vc_col-sm-12 vc_col-lg-6 vc_col-md-6 col-xs-mobile-fullwidth pofo-column-responsive-69e3823049642\"><div class=\"vc_column-inner vc_custom_1698744783561\"><div class=\"wpb_wrapper\"><div class=\"last-paragraph-no-margin\" style=\"color: #5c72b2;\"><h3>NER GROUP<\/h3>\n<\/div><div class=\"last-paragraph-no-margin\"><p><span style=\"font-weight: 400;\">Il s&rsquo;agit d&rsquo;une association dans laquelle diverses organisations, unies par le Nouveau Style de Relations, partagent des exp\u00e9riences, des synergies et des connaissances ; <strong>elles unissent leurs efforts pour s&rsquo;am\u00e9liorer, progresser, \u00eatre plus efficaces et obtenir de meilleurs r\u00e9sultats<\/strong>, et se soutiennent mutuellement sur le chemin du profond changement culturel que repr\u00e9sente ce style (NER). Une association avec une pr\u00e9occupation claire pour la soci\u00e9t\u00e9, cherchant \u00e0 atteindre un d\u00e9veloppement humain juste et durable.<\/span><\/p>\n<p><strong><a href=\"https:\/\/www.nergroup.org\">Visiter le site de Nergroup<\/a><\/strong><\/p>\n<\/div><\/div><\/div><\/div><div class=\"wpb_column vc_column_container vc_col-sm-12 vc_col-lg-6 vc_col-md-6 col-xs-mobile-fullwidth\"><div class=\"vc_column-inner \"><div class=\"wpb_wrapper\">[vc_single_image image=\u00a0\u00bb1102&Prime; img_size=\u00a0\u00bbfull\u00a0\u00bb]<\/div><\/div><\/div><\/section><div class=\"vc_row-full-width vc_clearfix\"><\/div>\n<\/div>","protected":false},"excerpt":{"rendered":"ARRECHE est une entreprise sp\u00e9cialis\u00e9e dans le d\u00e9colletage de pi\u00e8ces de pr\u00e9cision, fond\u00e9e il y a plus de 75 ans. Nous sommes situ\u00e9s \u00e0 Tolosa, au Pays Basque, au Nord de l'Espagne. [vc_single_image image=\"1123\" img_size=\"full\"]ARRETXE Mexico En 2010, nous avons d\u00e9cid\u00e9 de franchir une nouvelle \u00e9tape avec l'ouverture d'Arretxe Mexico. Situ\u00e9s \u00e0 Queretaro, nous nous sommes consolid\u00e9s en tant que fournisseur de qualit\u00e9 et de garanties de l'autre c\u00f4t\u00e9 de l'oc\u00e9an, fournissant des pi\u00e8ces \u00e0 nos clients au Mexique et aux \u00c9tats-Unis. ARRECHE LEADER DANS LE D\u00c9COLLETAGE DE PR\u00c9CISION DEPUIS 1948 1948 : FONDATION D'ARRECHE \u00c0 nos d\u00e9buts, nous nous sommes consacr\u00e9s \u00e0 la conception et \u00e0 la fabrication de petites machines pour le secteur sid\u00e9rom\u00e9tallurgique. Ce n'est qu'\u00e0 la fin des ann\u00e9es 50 que nous avons acquis notre premier tour de d\u00e9colletage, marquant ainsi un jalon important dans notre parcours et posant les fondations de notre sp\u00e9cialisation et de notre croissance dans l'industrie. 1960 : VENTE DE CARBURATEURS AMAL Au cours de cette d\u00e9cennie, nous avons obtenu la licence pour la production et la vente des carburateurs AMAL. Cette entreprise britannique \u00e9tait leader mondial dans la commercialisation de carburateurs et d'accessoires pour motocyclettes dans les ann\u00e9es 60. Nos \u00ab...","protected":false},"author":1,"featured_media":0,"parent":0,"menu_order":0,"comment_status":"closed","ping_status":"closed","template":"","meta":{"footnotes":""},"class_list":["post-1433","page","type-page","status-publish","hentry"],"yoast_head":"<!-- This site is optimized with the Yoast SEO plugin v27.1 - https:\/\/yoast.com\/product\/yoast-seo-wordpress\/ -->\n<title>D\u00e9colletage de pr\u00e9cision en Gipuzkoa | ARRECHE Decoletaje<\/title>\n<meta name=\"description\" content=\"Historia de la empresa ARRECHE Decoletaje. M\u00e1s de 75 a\u00f1os trabajando en en sectores exigentes como la automoci\u00f3n, gas, conectores, etc.\" \/>\n<meta name=\"robots\" content=\"index, follow, max-snippet:-1, max-image-preview:large, max-video-preview:-1\" \/>\n<link rel=\"canonical\" href=\"https:\/\/arreche.es\/fr\/a-propos-de-nous\/\" \/>\n<meta property=\"og:locale\" content=\"fr_FR\" \/>\n<meta property=\"og:type\" content=\"article\" \/>\n<meta property=\"og:title\" content=\"D\u00e9colletage de pr\u00e9cision en Gipuzkoa | ARRECHE Decoletaje\" \/>\n<meta property=\"og:description\" content=\"Historia de la empresa ARRECHE Decoletaje. M\u00e1s de 75 a\u00f1os trabajando en en sectores exigentes como la automoci\u00f3n, gas, conectores, etc.\" \/>\n<meta property=\"og:url\" content=\"https:\/\/arreche.es\/fr\/a-propos-de-nous\/\" \/>\n<meta property=\"og:site_name\" content=\"ARRECHE Decoletaje\" \/>\n<meta property=\"article:modified_time\" content=\"2024-04-19T11:38:52+00:00\" \/>\n<meta name=\"twitter:card\" content=\"summary_large_image\" \/>\n<meta name=\"twitter:label1\" content=\"Dur\u00e9e de lecture estim\u00e9e\" \/>\n\t<meta name=\"twitter:data1\" content=\"5 minutes\" \/>\n<script type=\"application\/ld+json\" class=\"yoast-schema-graph\">{\"@context\":\"https:\/\/schema.org\",\"@graph\":[{\"@type\":\"WebPage\",\"@id\":\"https:\/\/arreche.es\/fr\/a-propos-de-nous\/\",\"url\":\"https:\/\/arreche.es\/fr\/a-propos-de-nous\/\",\"name\":\"D\u00e9colletage de pr\u00e9cision en Gipuzkoa | ARRECHE Decoletaje\",\"isPartOf\":{\"@id\":\"https:\/\/arreche.es\/#website\"},\"datePublished\":\"2023-05-22T06:41:38+00:00\",\"dateModified\":\"2024-04-19T11:38:52+00:00\",\"description\":\"Historia de la empresa ARRECHE Decoletaje. M\u00e1s de 75 a\u00f1os trabajando en en sectores exigentes como la automoci\u00f3n, gas, conectores, etc.\",\"breadcrumb\":{\"@id\":\"https:\/\/arreche.es\/fr\/a-propos-de-nous\/#breadcrumb\"},\"inLanguage\":\"fr-FR\",\"potentialAction\":[{\"@type\":\"ReadAction\",\"target\":[\"https:\/\/arreche.es\/fr\/a-propos-de-nous\/\"]}]},{\"@type\":\"BreadcrumbList\",\"@id\":\"https:\/\/arreche.es\/fr\/a-propos-de-nous\/#breadcrumb\",\"itemListElement\":[{\"@type\":\"ListItem\",\"position\":1,\"name\":\"Portada\",\"item\":\"https:\/\/arreche.es\/fr\/home\/\"},{\"@type\":\"ListItem\",\"position\":2,\"name\":\"\u00c0 propos de nous\"}]},{\"@type\":\"WebSite\",\"@id\":\"https:\/\/arreche.es\/#website\",\"url\":\"https:\/\/arreche.es\/\",\"name\":\"ARRECHE Decoletaje\",\"description\":\"\",\"publisher\":{\"@id\":\"https:\/\/arreche.es\/#organization\"},\"potentialAction\":[{\"@type\":\"SearchAction\",\"target\":{\"@type\":\"EntryPoint\",\"urlTemplate\":\"https:\/\/arreche.es\/?s={search_term_string}\"},\"query-input\":{\"@type\":\"PropertyValueSpecification\",\"valueRequired\":true,\"valueName\":\"search_term_string\"}}],\"inLanguage\":\"fr-FR\"},{\"@type\":\"Organization\",\"@id\":\"https:\/\/arreche.es\/#organization\",\"name\":\"ARRECHE Decoletaje\",\"url\":\"https:\/\/arreche.es\/\",\"logo\":{\"@type\":\"ImageObject\",\"inLanguage\":\"fr-FR\",\"@id\":\"https:\/\/arreche.es\/#\/schema\/logo\/image\/\",\"url\":\"https:\/\/arreche.es\/wp-content\/uploads\/2023\/07\/logo-arreche.png\",\"contentUrl\":\"https:\/\/arreche.es\/wp-content\/uploads\/2023\/07\/logo-arreche.png\",\"width\":1000,\"height\":220,\"caption\":\"ARRECHE Decoletaje\"},\"image\":{\"@id\":\"https:\/\/arreche.es\/#\/schema\/logo\/image\/\"}}]}<\/script>\n<!-- \/ Yoast SEO plugin. -->","yoast_head_json":{"title":"D\u00e9colletage de pr\u00e9cision en Gipuzkoa | ARRECHE Decoletaje","description":"Historia de la empresa ARRECHE Decoletaje. M\u00e1s de 75 a\u00f1os trabajando en en sectores exigentes como la automoci\u00f3n, gas, conectores, etc.","robots":{"index":"index","follow":"follow","max-snippet":"max-snippet:-1","max-image-preview":"max-image-preview:large","max-video-preview":"max-video-preview:-1"},"canonical":"https:\/\/arreche.es\/fr\/a-propos-de-nous\/","og_locale":"fr_FR","og_type":"article","og_title":"D\u00e9colletage de pr\u00e9cision en Gipuzkoa | ARRECHE Decoletaje","og_description":"Historia de la empresa ARRECHE Decoletaje. M\u00e1s de 75 a\u00f1os trabajando en en sectores exigentes como la automoci\u00f3n, gas, conectores, etc.","og_url":"https:\/\/arreche.es\/fr\/a-propos-de-nous\/","og_site_name":"ARRECHE Decoletaje","article_modified_time":"2024-04-19T11:38:52+00:00","twitter_card":"summary_large_image","twitter_misc":{"Dur\u00e9e de lecture estim\u00e9e":"5 minutes"},"schema":{"@context":"https:\/\/schema.org","@graph":[{"@type":"WebPage","@id":"https:\/\/arreche.es\/fr\/a-propos-de-nous\/","url":"https:\/\/arreche.es\/fr\/a-propos-de-nous\/","name":"D\u00e9colletage de pr\u00e9cision en Gipuzkoa | ARRECHE Decoletaje","isPartOf":{"@id":"https:\/\/arreche.es\/#website"},"datePublished":"2023-05-22T06:41:38+00:00","dateModified":"2024-04-19T11:38:52+00:00","description":"Historia de la empresa ARRECHE Decoletaje. M\u00e1s de 75 a\u00f1os trabajando en en sectores exigentes como la automoci\u00f3n, gas, conectores, etc.","breadcrumb":{"@id":"https:\/\/arreche.es\/fr\/a-propos-de-nous\/#breadcrumb"},"inLanguage":"fr-FR","potentialAction":[{"@type":"ReadAction","target":["https:\/\/arreche.es\/fr\/a-propos-de-nous\/"]}]},{"@type":"BreadcrumbList","@id":"https:\/\/arreche.es\/fr\/a-propos-de-nous\/#breadcrumb","itemListElement":[{"@type":"ListItem","position":1,"name":"Portada","item":"https:\/\/arreche.es\/fr\/home\/"},{"@type":"ListItem","position":2,"name":"\u00c0 propos de nous"}]},{"@type":"WebSite","@id":"https:\/\/arreche.es\/#website","url":"https:\/\/arreche.es\/","name":"ARRECHE Decoletaje","description":"","publisher":{"@id":"https:\/\/arreche.es\/#organization"},"potentialAction":[{"@type":"SearchAction","target":{"@type":"EntryPoint","urlTemplate":"https:\/\/arreche.es\/?s={search_term_string}"},"query-input":{"@type":"PropertyValueSpecification","valueRequired":true,"valueName":"search_term_string"}}],"inLanguage":"fr-FR"},{"@type":"Organization","@id":"https:\/\/arreche.es\/#organization","name":"ARRECHE Decoletaje","url":"https:\/\/arreche.es\/","logo":{"@type":"ImageObject","inLanguage":"fr-FR","@id":"https:\/\/arreche.es\/#\/schema\/logo\/image\/","url":"https:\/\/arreche.es\/wp-content\/uploads\/2023\/07\/logo-arreche.png","contentUrl":"https:\/\/arreche.es\/wp-content\/uploads\/2023\/07\/logo-arreche.png","width":1000,"height":220,"caption":"ARRECHE Decoletaje"},"image":{"@id":"https:\/\/arreche.es\/#\/schema\/logo\/image\/"}}]}},"_links":{"self":[{"href":"https:\/\/arreche.es\/fr\/wp-json\/wp\/v2\/pages\/1433","targetHints":{"allow":["GET"]}}],"collection":[{"href":"https:\/\/arreche.es\/fr\/wp-json\/wp\/v2\/pages"}],"about":[{"href":"https:\/\/arreche.es\/fr\/wp-json\/wp\/v2\/types\/page"}],"author":[{"embeddable":true,"href":"https:\/\/arreche.es\/fr\/wp-json\/wp\/v2\/users\/1"}],"replies":[{"embeddable":true,"href":"https:\/\/arreche.es\/fr\/wp-json\/wp\/v2\/comments?post=1433"}],"version-history":[{"count":4,"href":"https:\/\/arreche.es\/fr\/wp-json\/wp\/v2\/pages\/1433\/revisions"}],"predecessor-version":[{"id":1485,"href":"https:\/\/arreche.es\/fr\/wp-json\/wp\/v2\/pages\/1433\/revisions\/1485"}],"wp:attachment":[{"href":"https:\/\/arreche.es\/fr\/wp-json\/wp\/v2\/media?parent=1433"}],"curies":[{"name":"wp","href":"https:\/\/api.w.org\/{rel}","templated":true}]}}