{"id":711,"date":"2023-07-19T08:43:06","date_gmt":"2023-07-19T08:43:06","guid":{"rendered":"https:\/\/arreche.es\/home\/"},"modified":"2024-04-19T11:22:31","modified_gmt":"2024-04-19T11:22:31","slug":"home","status":"publish","type":"page","link":"https:\/\/arreche.es\/en\/","title":{"rendered":"Home"},"content":{"rendered":"<div class=\"wpb-content-wrapper\"><section data-vc-full-width=\"true\" data-vc-full-width-init=\"false\" data-vc-stretch-content=\"true\" class=\"vc_row wpb_row vc_row-fluid  vc_custom_1699525517977 vc_row-has-fill pofo-stretch-content vc_row-o-full-height vc_row-o-columns-bottom vc_row-flex pofo-video-wrapper\"><div class=\"bg-extra-dark-gray bg-overlay\" style=\"opacity:0.2; background-color:#0a0a0a; \"><\/div><div class=\"wpb_column vc_column_container vc_col-sm-12  col-xs-mobile-fullwidth pofo-column-responsive-69e3bec6bbac3\"><div class=\"vc_column-inner vc_custom_1711012106874\"><div class=\"wpb_wrapper\"><div class=\"last-paragraph-no-margin\" style=\"color: #ffffff;\"><h1>Service, quality and sustainability<\/h1>\n<\/div><\/div><\/div><\/div><\/section><div class=\"vc_row-full-width vc_clearfix\"><\/div><section data-vc-full-width=\"true\" data-vc-full-width-init=\"false\" data-vc-stretch-content=\"true\" class=\"vc_row wpb_row vc_row-fluid  vc_custom_1699519221298 pofo-stretch-content vc_row-no-padding vc_row-o-equal-height vc_row-flex\"><div class=\"wpb_column vc_column_container vc_col-has-fill vc_col-sm-9 vc_col-lg-6 vc_col-md-6 col-xs-mobile-fullwidth pofo-column-responsive-69e3bec6bbc84\"><div class=\"vc_column-inner vc_custom_1698739297145\"><div class=\"wpb_wrapper\"><div class=\"last-paragraph-no-margin\"><p><strong>What we do<\/strong><\/p>\n<p>ARRECHE is a family business (currently in the 3rd generation), founded more than 75 years ago, dedicated to the manufacture and sale of high-precision machined parts by bar turning and in different materials such as aluminum, steel, stainless steel, brass&#8230;<\/p>\n<p><a class=\"botoia\" href=\"https:\/\/arreche.es\/en\/about-us\/\">Read more<\/a><\/p>\n<\/div><\/div><\/div><\/div><div class=\"wpb_column vc_column_container vc_col-sm-6 vc_hidden-xs col-xs-mobile-fullwidth\"><div class=\"vc_column-inner \"><div class=\"wpb_wrapper\"><\/div><\/div><\/div><div class=\"wpb_column vc_column_container vc_col-sm-1\/5 vc_hidden-xs col-xs-mobile-fullwidth\"><div class=\"vc_column-inner \"><div class=\"wpb_wrapper\"><\/div><\/div><\/div><div class=\"wpb_column vc_column_container vc_col-sm-3\/5  col-xs-mobile-fullwidth pofo-column-responsive-69e3bec6bbd89\"><div class=\"vc_column-inner vc_custom_1711013027778\"><div class=\"wpb_wrapper\">[vc_single_image image=&#8221;351&#8243; img_size=&#8221;full&#8221;]<\/div><\/div><\/div><\/section><div class=\"vc_row-full-width vc_clearfix\"><\/div><section data-vc-full-width=\"true\" data-vc-full-width-init=\"false\" data-vc-stretch-content=\"true\" class=\"vc_row wpb_row vc_row-fluid  vc_custom_1699522399853 pofo-stretch-content vc_row-o-equal-height vc_row-o-content-middle vc_row-flex pofo-row-responsive-69e3bec6bbdf5\"><div class=\"wpb_column vc_column_container vc_col-has-fill vc_col-sm-6  col-xs-mobile-fullwidth pofo-column-responsive-69e3bec6bbe54\"><div class=\"vc_column-inner vc_custom_1699522155156\"><div class=\"wpb_wrapper\"><div class=\"last-paragraph-no-margin\" style=\"color: #ffffff;\"><h3>OUR<br \/>\nVALUES<\/h3>\n<\/div><div class=\"last-paragraph-no-margin\" style=\"color: #ffffff;\"><p style=\"color: white;\">At Arreche our priority is people, we are customer-focused, we seek efficiency and we want to be supportive of the environment in which we live.<\/p>\n<\/div><\/div><\/div><\/div><div class=\"wpb_column vc_column_container vc_col-has-fill vc_col-sm-6 vc_col-lg-3 vc_col-md-3 col-xs-mobile-fullwidth pofo-column-responsive-69e3bec6bbf85\"><div class=\"vc_column-inner vc_custom_1699522286523\"><div class=\"wpb_wrapper\"><\/div><\/div><\/div><div class=\"wpb_column vc_column_container vc_col-sm-3 vc_hidden-sm vc_hidden-xs col-xs-mobile-fullwidth\"><div class=\"vc_column-inner \"><div class=\"wpb_wrapper\"><\/div><\/div><\/div><\/section><div class=\"vc_row-full-width vc_clearfix\"><\/div><section class=\"vc_row wpb_row vc_row-fluid   pofo-row-responsive-69e3bec6bc013\"><div class=\"wpb_column vc_column_container vc_col-sm-6  col-xs-mobile-fullwidth\"><div class=\"vc_column-inner \"><div class=\"wpb_wrapper\"><div class=\"last-paragraph-no-margin\" style=\"color: #5c72b2;\"><h3>INDUSTRIES &amp;<br \/>\nMARKETS<\/h3>\n<\/div><\/div><\/div><\/div><div class=\"wpb_column vc_column_container vc_col-sm-6  col-xs-mobile-fullwidth\"><div class=\"vc_column-inner \"><div class=\"wpb_wrapper\"><div class=\"last-paragraph-no-margin\" style=\"color: #5c72b2;\"><p><span style=\"font-weight: 400;\">We supply parts for various industries, meeting the most demanding quality specifications.<\/span><\/p>\n<p>&nbsp;<\/p>\n<p><a class=\"botoia\" href=\"https:\/\/arreche.es\/en\/sectores\/\">View industries<\/a><\/p>\n<\/div><\/div><\/div><\/div><\/section><section data-vc-full-width=\"true\" data-vc-full-width-init=\"false\" data-vc-stretch-content=\"true\" class=\"vc_row wpb_row vc_row-fluid  vc_custom_1698739623552 pofo-stretch-content vc_row-no-padding vc_row-o-equal-height vc_row-o-content-middle vc_row-flex pofo-row-responsive-69e3bec6bc183\"><div class=\"wpb_column vc_column_container vc_col-has-fill vc_col-sm-4 vc_col-lg-1\/5 vc_col-md-1\/5 vc_col-xs-6 pofo-column-responsive-69e3bec6bc1f6\"><div class=\"vc_column-inner vc_custom_1698739084999\"><div class=\"wpb_wrapper\"><div class=\"bg-extra-dark-gray bg-overlay\" style=\"opacity:0.4; background-color:#0a0a0a; z-index:-1; \"><\/div><div class=\"last-paragraph-no-margin\" style=\"color: #ffffff;\"><h4 style=\"text-align: center;\"><a class=\"text-white\" href=\"https:\/\/arreche.es\/en\/sectores\/#automocion\">Automotive<\/a><\/h4>\n<\/div><\/div><\/div><\/div><div class=\"wpb_column vc_column_container vc_col-has-fill vc_col-sm-4 vc_col-lg-1\/5 vc_col-md-1\/5 vc_col-xs-6\"><div class=\"vc_column-inner vc_custom_1698739113088\"><div class=\"wpb_wrapper\"><div class=\"bg-extra-dark-gray bg-overlay\" style=\"opacity:0.4; background-color:#0a0a0a; z-index:-1; \"><\/div><div class=\"last-paragraph-no-margin\" style=\"color: #ffffff;\"><h4 style=\"text-align: center;\"><a class=\"text-white\" href=\"https:\/\/arreche.es\/en\/sectores\/#conectores\">Connectors<\/a><\/h4>\n<\/div><\/div><\/div><\/div><div class=\"wpb_column vc_column_container vc_col-has-fill vc_col-sm-4 vc_col-lg-1\/5 vc_col-md-1\/5 vc_col-xs-6 pofo-column-responsive-69e3bec6bc31e\"><div class=\"vc_column-inner vc_custom_1699519412644\"><div class=\"wpb_wrapper\"><div class=\"bg-extra-dark-gray bg-overlay\" style=\"opacity:0.4; background-color:#0a0a0a; z-index:-1; \"><\/div><div class=\"last-paragraph-no-margin\" style=\"color: #ffffff;\"><h4 style=\"text-align: center;\"><a class=\"text-white\" href=\"https:\/\/arreche.es\/en\/sectores\/#lineablanca\">Appliances<\/a><\/h4>\n<\/div><\/div><\/div><\/div><div class=\"wpb_column vc_column_container vc_col-has-fill vc_col-sm-6 vc_col-lg-1\/5 vc_col-md-1\/5 vc_col-xs-6\"><div class=\"vc_column-inner vc_custom_1698739166688\"><div class=\"wpb_wrapper\"><div class=\"bg-extra-dark-gray bg-overlay\" style=\"opacity:0.4; background-color:#0a0a0a; z-index:-1; \"><\/div><div class=\"last-paragraph-no-margin\" style=\"color: #ffffff;\"><h4 style=\"text-align: center;\"><a class=\"text-white\" href=\"https:\/\/arreche.es\/en\/sectores\/#hidraulica\">Hydraulics<\/a><\/h4>\n<\/div><\/div><\/div><\/div><div class=\"wpb_column vc_column_container vc_col-has-fill vc_col-sm-6 vc_col-lg-1\/5 vc_col-md-1\/5 vc_col-xs-12 pofo-column-responsive-69e3bec6bc428\"><div class=\"vc_column-inner vc_custom_1698739365327\"><div class=\"wpb_wrapper\"><div class=\"bg-extra-dark-gray bg-overlay\" style=\"opacity:0.4; background-color:#0a0a0a; z-index:-1; \"><\/div><div class=\"last-paragraph-no-margin\" style=\"color: #ffffff;\"><h4 style=\"text-align: center;\"><a class=\"text-white\" href=\"https:\/\/arreche.es\/en\/sectores\/#electricidad\">Electricity<\/a><\/h4>\n<\/div><\/div><\/div><\/div><\/section><div class=\"vc_row-full-width vc_clearfix\"><\/div><section data-vc-full-width=\"true\" data-vc-full-width-init=\"false\" data-vc-stretch-content=\"true\" class=\"vc_row wpb_row vc_row-fluid   pofo-stretch-content vc_row-o-equal-height vc_row-o-content-middle vc_row-flex pofo-row-responsive-69e3bec6bc4ce\"><div class=\"wpb_column vc_column_container vc_col-sm-3  col-xs-mobile-fullwidth\"><div class=\"vc_column-inner \"><div class=\"wpb_wrapper\"><\/div><\/div><\/div><div class=\"wpb_column vc_column_container vc_col-sm-3  col-xs-mobile-fullwidth\"><div class=\"vc_column-inner \"><div class=\"wpb_wrapper\"><\/div><\/div><\/div><div class=\"wpb_column vc_column_container vc_col-has-fill vc_col-sm-6  col-xs-mobile-fullwidth\"><div class=\"vc_column-inner vc_custom_1701089072122\"><div class=\"wpb_wrapper\"><\/div><\/div><\/div><div class=\"wpb_column vc_column_container vc_col-sm-3 vc_hidden-sm vc_hidden-xs col-xs-mobile-fullwidth\"><div class=\"vc_column-inner \"><div class=\"wpb_wrapper\"><\/div><\/div><\/div><div class=\"wpb_column vc_column_container vc_col-has-fill vc_col-sm-6 vc_col-lg-3 vc_col-md-3 col-xs-mobile-fullwidth pofo-column-responsive-69e3bec6bc5e3\"><div class=\"vc_column-inner vc_custom_1698739490376\"><div class=\"wpb_wrapper\"><\/div><\/div><\/div><div class=\"wpb_column vc_column_container vc_col-has-fill vc_col-sm-6  col-xs-mobile-fullwidth pofo-column-responsive-69e3bec6bc629\"><div class=\"vc_column-inner vc_custom_1698737525432\"><div class=\"wpb_wrapper\"><div class=\"last-paragraph-no-margin\" style=\"color: #ffffff;\"><p style=\"color: white;\">Only by having the latest technology can we guarantee to meet the requirements and specifications of our clients.<\/p>\n<p>&nbsp;<\/p>\n<p><a class=\"botoia zuri\" href=\"https:\/\/arreche.es\/en\/technology\/\">Technology<\/a><\/p>\n<\/div><\/div><\/div><\/div><\/section><div class=\"vc_row-full-width vc_clearfix\"><\/div><section data-vc-full-width=\"true\" data-vc-full-width-init=\"false\" data-vc-stretch-content=\"true\" class=\"vc_row wpb_row vc_row-fluid display-none  pofo-stretch-content vc_row-o-content-middle vc_row-flex\"><div class=\"wpb_column vc_column_container vc_col-sm-3  col-xs-mobile-fullwidth\"><div class=\"vc_column-inner vc_custom_1689937389749\"><div class=\"wpb_wrapper\"><div class=\"last-paragraph-no-margin\"><p><span style=\"font-weight: 400;\">We have the capacity and knowledge (know-how) to be able to manufacture highly complex parts, with minimum tolerances and in various materials adapted to each sector.<\/span><\/p>\n<\/div><\/div><\/div><\/div><div class=\"wpb_column vc_column_container vc_col-sm-3  col-xs-mobile-fullwidth\"><div class=\"vc_column-inner \"><div class=\"wpb_wrapper\">[vc_single_image image=&#8221;63&#8243; img_size=&#8221;full&#8221;]<\/div><\/div><\/div><div class=\"wpb_column vc_column_container vc_col-sm-3  col-xs-mobile-fullwidth\"><div class=\"vc_column-inner \"><div class=\"wpb_wrapper\">[vc_single_image image=&#8221;62&#8243; img_size=&#8221;full&#8221;]<\/div><\/div><\/div><div class=\"wpb_column vc_column_container vc_col-sm-3  col-xs-mobile-fullwidth\"><div class=\"vc_column-inner \"><div class=\"wpb_wrapper\">[vc_single_image image=&#8221;61&#8243; img_size=&#8221;full&#8221;]<\/div><\/div><\/div><\/section><div class=\"vc_row-full-width vc_clearfix\"><\/div><section data-vc-full-width=\"true\" data-vc-full-width-init=\"false\" data-vc-stretch-content=\"true\" class=\"vc_row wpb_row vc_row-fluid display-none vc_custom_1698671426085 vc_row-has-fill pofo-stretch-content vc_row-o-equal-height vc_row-o-content-middle vc_row-flex\"><div class=\"wpb_column vc_column_container vc_col-has-fill vc_col-sm-6  col-xs-mobile-fullwidth\"><div class=\"vc_column-inner vc_custom_1698217831333\"><div class=\"wpb_wrapper\"><div class=\"bg-extra-dark-gray bg-overlay\" style=\"opacity:0.4; background-color:#0a0a0a; z-index:-1; \"><\/div><div class=\"last-paragraph-no-margin\" style=\"color: #ffffff;\"><p style=\"color: white;\">I am text block. Click edit button to change this text. Lorem ipsum dolor sit amet, consectetur adipiscing elit. Ut elit tellus, luctus nec ullamcorper mattis, pulvinar dapibus leo.<\/p>\n<p>&nbsp;<\/p>\n<p><a class=\"botoia zuri\" href=\"#\">View products<\/a><\/p>\n<\/div><\/div><\/div><\/div><\/section><div class=\"vc_row-full-width vc_clearfix\"><\/div><section data-vc-full-width=\"true\" data-vc-full-width-init=\"false\" data-vc-stretch-content=\"true\" class=\"vc_row wpb_row vc_row-fluid  vc_custom_1698737587853 pofo-stretch-content pofo-row-responsive-69e3bec6bc95d\"><div class=\"wpb_column vc_column_container vc_col-sm-12 vc_col-lg-6 vc_col-md-12 vc_col-xs-6\"><div class=\"vc_column-inner \"><div class=\"wpb_wrapper\"><div class=\"last-paragraph-no-margin\" style=\"color: #5c72b2;\"><h3>CLIENTS<\/h3>\n<\/div>[vc_empty_space height=&#8221;50px&#8221;]<\/div><\/div><\/div><div class=\"wpb_column vc_column_container vc_col-sm-6 vc_col-lg-3 vc_col-md-6 vc_col-xs-12\"><div class=\"vc_column-inner \"><div class=\"wpb_wrapper\"><div class=\"last-paragraph-no-margin\"><p>Innovation and internationalization have been our hallmarks since our beginnings.<\/p>\n<\/div>[vc_empty_space height=&#8221;62px&#8221;]<\/div><\/div><\/div><div class=\"wpb_column vc_column_container vc_col-sm-6 vc_col-lg-3 vc_col-md-6 vc_col-xs-12\"><div class=\"vc_column-inner \"><div class=\"wpb_wrapper\"><div class=\"last-paragraph-no-margin\"><p>We like to feel close to our clients, being an ally during all phases of the project: from the design phase of the piece to its delivery.<\/p>\n<\/div>[vc_empty_space height=&#8221;62px&#8221;]<\/div><\/div><\/div><\/section><div class=\"vc_row-full-width vc_clearfix\"><\/div><section data-vc-full-width=\"true\" data-vc-full-width-init=\"false\" data-vc-stretch-content=\"true\" class=\"vc_row wpb_row vc_row-fluid  vc_custom_1698677395874 pofo-stretch-content vc_row-no-padding\"><div class=\"wpb_column vc_column_container vc_col-sm-6  col-xs-mobile-fullwidth\"><div class=\"vc_column-inner \"><div class=\"wpb_wrapper\">[vc_single_image image=&#8221;779&#8243; img_size=&#8221;full&#8221;]<\/div><\/div><\/div><div class=\"wpb_column vc_column_container vc_col-sm-6  col-xs-mobile-fullwidth\"><div class=\"vc_column-inner \"><div class=\"wpb_wrapper\">[vc_single_image image=&#8221;1413&#8243; img_size=&#8221;full&#8221;]<\/div><\/div><\/div><\/section><div class=\"vc_row-full-width vc_clearfix\"><\/div>\n<\/div>","protected":false},"excerpt":{"rendered":"Service, quality and sustainability What we do ARRECHE is a family business (currently in the 3rd generation), founded more than 75 years ago, dedicated to the manufacture and sale of high-precision machined parts by bar turning and in different materials such as aluminum, steel, stainless steel, brass... Read more [vc_single_image image=\"351\" img_size=\"full\"]OUR VALUES At Arreche our priority is people, we are customer-focused, we seek efficiency and we want to be supportive of the environment in which we live. INDUSTRIES &amp; MARKETS We supply parts for various industries, meeting the most demanding quality specifications. &nbsp; View industries Automotive Connectors Appliances Hydraulics Electricity Only by having the latest technology can we guarantee to meet the requirements and specifications of our clients. &nbsp; Technology We have the capacity and knowledge (know-how) to be able to manufacture highly complex parts, with minimum tolerances and in various materials adapted to each sector. [vc_single_image image=\"63\" img_size=\"full\"][vc_single_image image=\"62\" img_size=\"full\"][vc_single_image image=\"61\" img_size=\"full\"]I am text block. Click edit button to change this text. Lorem ipsum dolor sit amet, consectetur adipiscing elit. Ut elit tellus, luctus nec ullamcorper mattis, pulvinar dapibus leo. &nbsp; View products CLIENTS [vc_empty_space height=\"50px\"]Innovation and internationalization have been our hallmarks since our beginnings. [vc_empty_space height=\"62px\"]We like...","protected":false},"author":1,"featured_media":0,"parent":0,"menu_order":0,"comment_status":"closed","ping_status":"closed","template":"","meta":{"footnotes":""},"class_list":["post-711","page","type-page","status-publish","hentry"],"yoast_head":"<!-- This site is optimized with the Yoast SEO plugin v27.1 - https:\/\/yoast.com\/product\/yoast-seo-wordpress\/ -->\n<title>Decoletaje de piezas de precisi\u00f3n en Gipuzkoa | ARRECHE Tolosa<\/title>\n<meta name=\"description\" content=\"ARRECHE: empresa especializada en el decoletaje de piezas de precisi\u00f3n fundada hace m\u00e1s de 75 a\u00f1os.\" \/>\n<meta name=\"robots\" content=\"index, follow, max-snippet:-1, max-image-preview:large, max-video-preview:-1\" \/>\n<link rel=\"canonical\" href=\"https:\/\/arreche.es\/en\/home\/\" \/>\n<meta property=\"og:locale\" content=\"en_US\" \/>\n<meta property=\"og:type\" content=\"article\" \/>\n<meta property=\"og:title\" content=\"Decoletaje de piezas de precisi\u00f3n en Gipuzkoa | ARRECHE Tolosa\" \/>\n<meta property=\"og:description\" content=\"ARRECHE: empresa especializada en el decoletaje de piezas de precisi\u00f3n fundada hace m\u00e1s de 75 a\u00f1os.\" \/>\n<meta property=\"og:url\" content=\"https:\/\/arreche.es\/en\/home\/\" \/>\n<meta property=\"og:site_name\" content=\"ARRECHE Decoletaje\" \/>\n<meta property=\"article:modified_time\" content=\"2024-04-19T11:22:31+00:00\" \/>\n<meta name=\"twitter:card\" content=\"summary_large_image\" \/>\n<meta name=\"twitter:label1\" content=\"Est. reading time\" \/>\n\t<meta name=\"twitter:data1\" content=\"5 minutes\" \/>\n<script type=\"application\/ld+json\" class=\"yoast-schema-graph\">{\"@context\":\"https:\/\/schema.org\",\"@graph\":[{\"@type\":\"WebPage\",\"@id\":\"https:\/\/arreche.es\/en\/home\/\",\"url\":\"https:\/\/arreche.es\/en\/home\/\",\"name\":\"Decoletaje de piezas de precisi\u00f3n en Gipuzkoa | ARRECHE Tolosa\",\"isPartOf\":{\"@id\":\"https:\/\/arreche.es\/#website\"},\"datePublished\":\"2023-07-19T08:43:06+00:00\",\"dateModified\":\"2024-04-19T11:22:31+00:00\",\"description\":\"ARRECHE: empresa especializada en el decoletaje de piezas de precisi\u00f3n fundada hace m\u00e1s de 75 a\u00f1os.\",\"breadcrumb\":{\"@id\":\"https:\/\/arreche.es\/en\/home\/#breadcrumb\"},\"inLanguage\":\"en-US\",\"potentialAction\":[{\"@type\":\"ReadAction\",\"target\":[\"https:\/\/arreche.es\/en\/home\/\"]}]},{\"@type\":\"BreadcrumbList\",\"@id\":\"https:\/\/arreche.es\/en\/home\/#breadcrumb\",\"itemListElement\":[{\"@type\":\"ListItem\",\"position\":1,\"name\":\"Portada\",\"item\":\"https:\/\/arreche.es\/en\/home\/\"},{\"@type\":\"ListItem\",\"position\":2,\"name\":\"Home\"}]},{\"@type\":\"WebSite\",\"@id\":\"https:\/\/arreche.es\/#website\",\"url\":\"https:\/\/arreche.es\/\",\"name\":\"ARRECHE Decoletaje\",\"description\":\"\",\"publisher\":{\"@id\":\"https:\/\/arreche.es\/#organization\"},\"potentialAction\":[{\"@type\":\"SearchAction\",\"target\":{\"@type\":\"EntryPoint\",\"urlTemplate\":\"https:\/\/arreche.es\/?s={search_term_string}\"},\"query-input\":{\"@type\":\"PropertyValueSpecification\",\"valueRequired\":true,\"valueName\":\"search_term_string\"}}],\"inLanguage\":\"en-US\"},{\"@type\":\"Organization\",\"@id\":\"https:\/\/arreche.es\/#organization\",\"name\":\"ARRECHE Decoletaje\",\"url\":\"https:\/\/arreche.es\/\",\"logo\":{\"@type\":\"ImageObject\",\"inLanguage\":\"en-US\",\"@id\":\"https:\/\/arreche.es\/#\/schema\/logo\/image\/\",\"url\":\"https:\/\/arreche.es\/wp-content\/uploads\/2023\/07\/logo-arreche.png\",\"contentUrl\":\"https:\/\/arreche.es\/wp-content\/uploads\/2023\/07\/logo-arreche.png\",\"width\":1000,\"height\":220,\"caption\":\"ARRECHE Decoletaje\"},\"image\":{\"@id\":\"https:\/\/arreche.es\/#\/schema\/logo\/image\/\"}}]}<\/script>\n<!-- \/ Yoast SEO plugin. -->","yoast_head_json":{"title":"Decoletaje de piezas de precisi\u00f3n en Gipuzkoa | ARRECHE Tolosa","description":"ARRECHE: empresa especializada en el decoletaje de piezas de precisi\u00f3n fundada hace m\u00e1s de 75 a\u00f1os.","robots":{"index":"index","follow":"follow","max-snippet":"max-snippet:-1","max-image-preview":"max-image-preview:large","max-video-preview":"max-video-preview:-1"},"canonical":"https:\/\/arreche.es\/en\/home\/","og_locale":"en_US","og_type":"article","og_title":"Decoletaje de piezas de precisi\u00f3n en Gipuzkoa | ARRECHE Tolosa","og_description":"ARRECHE: empresa especializada en el decoletaje de piezas de precisi\u00f3n fundada hace m\u00e1s de 75 a\u00f1os.","og_url":"https:\/\/arreche.es\/en\/home\/","og_site_name":"ARRECHE Decoletaje","article_modified_time":"2024-04-19T11:22:31+00:00","twitter_card":"summary_large_image","twitter_misc":{"Est. reading time":"5 minutes"},"schema":{"@context":"https:\/\/schema.org","@graph":[{"@type":"WebPage","@id":"https:\/\/arreche.es\/en\/home\/","url":"https:\/\/arreche.es\/en\/home\/","name":"Decoletaje de piezas de precisi\u00f3n en Gipuzkoa | ARRECHE Tolosa","isPartOf":{"@id":"https:\/\/arreche.es\/#website"},"datePublished":"2023-07-19T08:43:06+00:00","dateModified":"2024-04-19T11:22:31+00:00","description":"ARRECHE: empresa especializada en el decoletaje de piezas de precisi\u00f3n fundada hace m\u00e1s de 75 a\u00f1os.","breadcrumb":{"@id":"https:\/\/arreche.es\/en\/home\/#breadcrumb"},"inLanguage":"en-US","potentialAction":[{"@type":"ReadAction","target":["https:\/\/arreche.es\/en\/home\/"]}]},{"@type":"BreadcrumbList","@id":"https:\/\/arreche.es\/en\/home\/#breadcrumb","itemListElement":[{"@type":"ListItem","position":1,"name":"Portada","item":"https:\/\/arreche.es\/en\/home\/"},{"@type":"ListItem","position":2,"name":"Home"}]},{"@type":"WebSite","@id":"https:\/\/arreche.es\/#website","url":"https:\/\/arreche.es\/","name":"ARRECHE Decoletaje","description":"","publisher":{"@id":"https:\/\/arreche.es\/#organization"},"potentialAction":[{"@type":"SearchAction","target":{"@type":"EntryPoint","urlTemplate":"https:\/\/arreche.es\/?s={search_term_string}"},"query-input":{"@type":"PropertyValueSpecification","valueRequired":true,"valueName":"search_term_string"}}],"inLanguage":"en-US"},{"@type":"Organization","@id":"https:\/\/arreche.es\/#organization","name":"ARRECHE Decoletaje","url":"https:\/\/arreche.es\/","logo":{"@type":"ImageObject","inLanguage":"en-US","@id":"https:\/\/arreche.es\/#\/schema\/logo\/image\/","url":"https:\/\/arreche.es\/wp-content\/uploads\/2023\/07\/logo-arreche.png","contentUrl":"https:\/\/arreche.es\/wp-content\/uploads\/2023\/07\/logo-arreche.png","width":1000,"height":220,"caption":"ARRECHE Decoletaje"},"image":{"@id":"https:\/\/arreche.es\/#\/schema\/logo\/image\/"}}]}},"_links":{"self":[{"href":"https:\/\/arreche.es\/en\/wp-json\/wp\/v2\/pages\/711","targetHints":{"allow":["GET"]}}],"collection":[{"href":"https:\/\/arreche.es\/en\/wp-json\/wp\/v2\/pages"}],"about":[{"href":"https:\/\/arreche.es\/en\/wp-json\/wp\/v2\/types\/page"}],"author":[{"embeddable":true,"href":"https:\/\/arreche.es\/en\/wp-json\/wp\/v2\/users\/1"}],"replies":[{"embeddable":true,"href":"https:\/\/arreche.es\/en\/wp-json\/wp\/v2\/comments?post=711"}],"version-history":[{"count":43,"href":"https:\/\/arreche.es\/en\/wp-json\/wp\/v2\/pages\/711\/revisions"}],"predecessor-version":[{"id":1481,"href":"https:\/\/arreche.es\/en\/wp-json\/wp\/v2\/pages\/711\/revisions\/1481"}],"wp:attachment":[{"href":"https:\/\/arreche.es\/en\/wp-json\/wp\/v2\/media?parent=711"}],"curies":[{"name":"wp","href":"https:\/\/api.w.org\/{rel}","templated":true}]}}